{"id":357,"date":"2020-10-29T22:19:56","date_gmt":"2020-10-29T21:19:56","guid":{"rendered":"http:\/\/uaswider.pl\/?page_id=357"},"modified":"2020-10-29T22:21:04","modified_gmt":"2020-10-29T21:21:04","slug":"profilaktyka-higiena-fluoryzacja","status":"publish","type":"page","link":"https:\/\/uaswider.pl\/index.php\/profilaktyka-higiena-fluoryzacja\/","title":{"rendered":"PROFILAKTYKA, HIGIENA, FLUORYZACJA"},"content":{"rendered":"\t\t<div data-elementor-type=\"wp-page\" data-elementor-id=\"357\" class=\"elementor elementor-357\" data-elementor-settings=\"[]\">\n\t\t\t\t\t\t<div class=\"elementor-inner\">\n\t\t\t\t\t\t\t<div class=\"elementor-section-wrap\">\n\t\t\t\t\t\t\t<section class=\"elementor-section elementor-top-section elementor-element elementor-element-3a42066 elementor-section-boxed elementor-section-height-default elementor-section-height-default\" data-id=\"3a42066\" data-element_type=\"section\">\n\t\t\t\t\t\t<div class=\"elementor-container elementor-column-gap-default\">\n\t\t\t\t\t\t\t<div class=\"elementor-row\">\n\t\t\t\t\t<div class=\"elementor-column elementor-col-100 elementor-top-column elementor-element elementor-element-da5313f\" data-id=\"da5313f\" data-element_type=\"column\">\n\t\t\t<div class=\"elementor-column-wrap elementor-element-populated\">\n\t\t\t\t\t\t\t<div class=\"elementor-widget-wrap\">\n\t\t\t\t\t\t<div class=\"elementor-element elementor-element-c9226e5 elementor-widget elementor-widget-heading\" data-id=\"c9226e5\" data-element_type=\"widget\" data-widget_type=\"heading.default\">\n\t\t\t\t<div class=\"elementor-widget-container\">\n\t\t\t<h1 class=\"elementor-heading-title elementor-size-default\">PROFILAKTYKA, HIGIENA, FLUORYZACJA<\/h1>\t\t<\/div>\n\t\t\t\t<\/div>\n\t\t\t\t\t\t<\/div>\n\t\t\t\t\t<\/div>\n\t\t<\/div>\n\t\t\t\t\t\t\t\t<\/div>\n\t\t\t\t\t<\/div>\n\t\t<\/section>\n\t\t\t\t<section class=\"elementor-section elementor-top-section elementor-element elementor-element-ea885bf elementor-section-boxed elementor-section-height-default elementor-section-height-default\" data-id=\"ea885bf\" data-element_type=\"section\">\n\t\t\t\t\t\t<div class=\"elementor-container elementor-column-gap-default\">\n\t\t\t\t\t\t\t<div class=\"elementor-row\">\n\t\t\t\t\t<div class=\"elementor-column elementor-col-100 elementor-top-column elementor-element elementor-element-6e0fd89\" data-id=\"6e0fd89\" data-element_type=\"column\">\n\t\t\t<div class=\"elementor-column-wrap elementor-element-populated\">\n\t\t\t\t\t\t\t<div class=\"elementor-widget-wrap\">\n\t\t\t\t\t\t<div class=\"elementor-element elementor-element-096f251 elementor-widget elementor-widget-text-editor\" data-id=\"096f251\" data-element_type=\"widget\" data-widget_type=\"text-editor.default\">\n\t\t\t\t<div class=\"elementor-widget-container\">\n\t\t\t\t\t<div class=\"elementor-text-editor elementor-clearfix\"><p>Schorzenie przyz\u0119bia (dzi\u0105se\u0142) nie jest uleczalne, ale da si\u0119 kontrolowa\u0107. Terapia periodontyczna stanowi program \u201ezachowawczy\u201d (niechirurgiczny) sk\u0142adaj\u0105cy si\u0119 z serii 2, 4 lub 6 wizyt w celu kontroli czy sterowania chorob\u0105 dzi\u0105se\u0142.<\/p><p>Je\u017celi stwierdzone zostanie u Pa\u0144stwa schorzenie przyz\u0119bia, kieszonki z\u0119bowe g\u0142\u0119bsze lub wi\u0119ksze ni\u017c 3mm z krwawi\u0105cymi miejscami przy nieurazowym sondowaniu chocia\u017cby wyka\u0142aczk\u0105, w\u00f3wczas dentysta mo\u017ce zaleci\u0107 program terapii periodontycznej w celu kontrolowania schorzenia. Stopie\u0144 ostro\u015bci schorzenia przyz\u0119bia determinuje czas trwania takiego programu. Naszym celem jest wyeliminowanie krwawienia i nieprzyjemnego zapachu z ust, jak te\u017c zmniejszenie g\u0142\u0119boko\u015bci kieszonek w celu wykluczenia nawrotu infekcji bakteryjnej. Prosz\u0119 pami\u0119ta\u0107: dzi\u0105s\u0142a zdrowe nigdy nie krwawi\u0105!<\/p><p>Terapia ta sk\u0142ada si\u0119 ze skalingu ultrad\u017awi\u0119kowego (urz\u0105dzeniem do usuwania kamienia naz\u0119bnego, przebarwie\u0144 oraz obecnych na z\u0119bach toksyn bakteryjnych, przy wykorzystaniu zasady wibracji o wysokiej cz\u0119stotliwo\u015bci), skalingu r\u0119cznego, wyg\u0142adzania powierzchni korzenia, z kireta\u017cu (usuwaj\u0105cego chore tkanki) oraz z irygacji antybiotykami. W zale\u017cno\u015bci od powagi schorzenia, mo\u017cemy zaleci\u0107 antybiotyki przyjmowane doustnie, zabieg fluoryzacyjny oraz p\u0142ukanki antybakteryjne. Opr\u00f3cz tego zalecany jest te\u017c poprzedzony instrukta\u017cem re\u017cim szczotkowania i nitkowania z u\u017cyciem tak\u017ce innych urz\u0105dze\u0144 do stosowania w domu (specjalne szczoteczki elektryczne), kt\u00f3re mog\u0105 by\u0107 konieczne do zachowania zdrowia Pa\u0144stwa tkanek.<\/p><p>Chcemy, a\u017ceby terapia periodontyczna by\u0142a Pa\u0144stwa do\u015bwiadczeniem mo\u017cliwie przyjemnym, komfortowym, zdrowym i uwie\u0144czonym nagrod\u0105. Po zabiegu ta sama higienistka spotka si\u0119 z Pa\u0144stwem na podtrzymuj\u0105cej efekty leczenia wizycie, a\u017ceby oszacowa\u0107 powodzenie przeprowadzonej terapii periodontycznej. W\u00f3wczas to obmierzone i skontrolowane zostan\u0105 na nowo g\u0142\u0119boko\u015bci kieszonek oraz punkty krwawi\u0105ce i, w zale\u017cno\u015bci od potrzeb, poddane leczeniu.<\/p><p>Do czasu, kiedy nowe w\u0142\u00f3kna przyczep\u00f3w dzi\u0105se\u0142 nie dojrzej\u0105 i stan\u0105 si\u0119 bardziej odporne na ponowne zaka\u017cenie bakteryjne, potrzeba sze\u015bciu miesi\u0119cy do jednego roku, tote\u017c lekarz\/higienistka zaleca trzymiesi\u0119czny odst\u0119p pomi\u0119dzy wizytami, a\u017ceby poziom zdrowia Pa\u0144stwa przyz\u0119bia m\u00f3g\u0142 by\u0107 monitorowany i podtrzymywany. W trakcie gojenia si\u0119 odst\u0119p pomi\u0119dzy wizytami higienicznymi b\u0119dzie okre\u015blany na podstawie osobniczego post\u0119pu oraz tempa tworzenia si\u0119 kamienia naz\u0119bnego.<\/p><p>Pa\u0144stwa domowe zabiegi higieniczne stanowi\u0105 czynnik decyduj\u0105cy w trwa\u0142ym powodzeniu leczenia. My z naszej strony uczynimy co w naszej mocy, a\u017ceby pomaga\u0107 w tym Pa\u0144stwu<\/p><\/div>\n\t\t\t\t<\/div>\n\t\t\t\t<\/div>\n\t\t\t\t\t\t<\/div>\n\t\t\t\t\t<\/div>\n\t\t<\/div>\n\t\t\t\t\t\t\t\t<\/div>\n\t\t\t\t\t<\/div>\n\t\t<\/section>\n\t\t\t\t\t\t<\/div>\n\t\t\t\t\t\t<\/div>\n\t\t\t\t\t<\/div>\n\t\t","protected":false},"excerpt":{"rendered":"<p>PROFILAKTYKA, HIGIENA, FLUORYZACJA Schorzenie przyz\u0119bia (dzi\u0105se\u0142) nie jest uleczalne, ale da si\u0119 kontrolowa\u0107. Terapia periodontyczna stanowi program \u201ezachowawczy\u201d (niechirurgiczny) sk\u0142adaj\u0105cy si\u0119 z serii 2, 4 lub 6 wizyt w celu kontroli czy sterowania chorob\u0105 dzi\u0105se\u0142. Je\u017celi stwierdzone zostanie u Pa\u0144stwa schorzenie przyz\u0119bia, kieszonki z\u0119bowe g\u0142\u0119bsze lub wi\u0119ksze ni\u017c 3mm z krwawi\u0105cymi miejscami przy nieurazowym sondowaniu&hellip;<\/p>\n","protected":false},"author":2,"featured_media":0,"parent":0,"menu_order":0,"comment_status":"closed","ping_status":"closed","template":"","meta":[],"yoast_head":"<!-- This site is optimized with the Yoast SEO plugin v15.0 - https:\/\/yoast.com\/wordpress\/plugins\/seo\/ -->\n<title>PROFILAKTYKA, HIGIENA, FLUORYZACJA | Gabinet ortodontyczno-stomatologiczny<\/title>\n<meta name=\"description\" content=\"Gabinet ortodontyczno-stomatologiczny urszula andrzej \u015bwider ortodonta dentysta ortodoncja stomatologia tenczynek krzeszowice\" \/>\n<meta name=\"robots\" content=\"index, follow, max-snippet:-1, max-image-preview:large, max-video-preview:-1\" \/>\n<meta property=\"og:locale\" content=\"pl_PL\" \/>\n<meta property=\"og:type\" content=\"article\" \/>\n<meta property=\"og:title\" content=\"PROFILAKTYKA, HIGIENA, FLUORYZACJA | Gabinet ortodontyczno-stomatologiczny\" \/>\n<meta property=\"og:description\" content=\"Gabinet ortodontyczno-stomatologiczny urszula andrzej \u015bwider ortodonta dentysta ortodoncja stomatologia tenczynek krzeszowice\" \/>\n<meta property=\"og:url\" content=\"http:\/\/uaswider.pl\/index.php\/profilaktyka-higiena-fluoryzacja\/\" \/>\n<meta property=\"og:site_name\" content=\"Gabinet ortodontyczno-stomatologiczny\" \/>\n<meta property=\"article:modified_time\" content=\"2020-10-29T21:21:04+00:00\" \/>\n<meta name=\"twitter:card\" content=\"summary_large_image\" \/>\n<script type=\"application\/ld+json\" class=\"yoast-schema-graph\">{\"@context\":\"https:\/\/schema.org\",\"@graph\":[{\"@type\":\"Organization\",\"@id\":\"https:\/\/uaswider.pl\/#organization\",\"name\":\"Gabinet ortodoncyjno-stomatologiczny - Urszula i Andrzej \\u015awider\",\"url\":\"https:\/\/uaswider.pl\/\",\"sameAs\":[],\"logo\":{\"@type\":\"ImageObject\",\"@id\":\"https:\/\/uaswider.pl\/#logo\",\"inLanguage\":\"pl-PL\",\"url\":\"https:\/\/uaswider.pl\/wp-content\/uploads\/2020\/09\/logo.png\",\"width\":800,\"height\":800,\"caption\":\"Gabinet ortodoncyjno-stomatologiczny - Urszula i Andrzej \\u015awider\"},\"image\":{\"@id\":\"https:\/\/uaswider.pl\/#logo\"}},{\"@type\":\"WebSite\",\"@id\":\"https:\/\/uaswider.pl\/#website\",\"url\":\"https:\/\/uaswider.pl\/\",\"name\":\"Gabinet ortodontyczno-stomatologiczny\",\"description\":\"Urszula i Andrzej \\u015awider\",\"publisher\":{\"@id\":\"https:\/\/uaswider.pl\/#organization\"},\"potentialAction\":[{\"@type\":\"SearchAction\",\"target\":\"https:\/\/uaswider.pl\/?s={search_term_string}\",\"query-input\":\"required name=search_term_string\"}],\"inLanguage\":\"pl-PL\"},{\"@type\":\"WebPage\",\"@id\":\"http:\/\/uaswider.pl\/index.php\/profilaktyka-higiena-fluoryzacja\/#webpage\",\"url\":\"http:\/\/uaswider.pl\/index.php\/profilaktyka-higiena-fluoryzacja\/\",\"name\":\"PROFILAKTYKA, HIGIENA, FLUORYZACJA | Gabinet ortodontyczno-stomatologiczny\",\"isPartOf\":{\"@id\":\"https:\/\/uaswider.pl\/#website\"},\"datePublished\":\"2020-10-29T21:19:56+00:00\",\"dateModified\":\"2020-10-29T21:21:04+00:00\",\"description\":\"Gabinet ortodontyczno-stomatologiczny urszula andrzej \\u015bwider ortodonta dentysta ortodoncja stomatologia tenczynek krzeszowice\",\"inLanguage\":\"pl-PL\",\"potentialAction\":[{\"@type\":\"ReadAction\",\"target\":[\"http:\/\/uaswider.pl\/index.php\/profilaktyka-higiena-fluoryzacja\/\"]}]}]}<\/script>\n<!-- \/ Yoast SEO plugin. -->","_links":{"self":[{"href":"https:\/\/uaswider.pl\/index.php\/wp-json\/wp\/v2\/pages\/357"}],"collection":[{"href":"https:\/\/uaswider.pl\/index.php\/wp-json\/wp\/v2\/pages"}],"about":[{"href":"https:\/\/uaswider.pl\/index.php\/wp-json\/wp\/v2\/types\/page"}],"author":[{"embeddable":true,"href":"https:\/\/uaswider.pl\/index.php\/wp-json\/wp\/v2\/users\/2"}],"replies":[{"embeddable":true,"href":"https:\/\/uaswider.pl\/index.php\/wp-json\/wp\/v2\/comments?post=357"}],"version-history":[{"count":2,"href":"https:\/\/uaswider.pl\/index.php\/wp-json\/wp\/v2\/pages\/357\/revisions"}],"predecessor-version":[{"id":359,"href":"https:\/\/uaswider.pl\/index.php\/wp-json\/wp\/v2\/pages\/357\/revisions\/359"}],"wp:attachment":[{"href":"https:\/\/uaswider.pl\/index.php\/wp-json\/wp\/v2\/media?parent=357"}],"curies":[{"name":"wp","href":"https:\/\/api.w.org\/{rel}","templated":true}]}}