{"id":345,"date":"2020-10-29T22:13:54","date_gmt":"2020-10-29T21:13:54","guid":{"rendered":"http:\/\/uaswider.pl\/?page_id=345"},"modified":"2020-10-29T22:15:16","modified_gmt":"2020-10-29T21:15:16","slug":"badanie-lekarskie","status":"publish","type":"page","link":"https:\/\/uaswider.pl\/index.php\/badanie-lekarskie\/","title":{"rendered":"BADANIE LEKARSKIE"},"content":{"rendered":"\t\t<div data-elementor-type=\"wp-page\" data-elementor-id=\"345\" class=\"elementor elementor-345\" data-elementor-settings=\"[]\">\n\t\t\t\t\t\t<div class=\"elementor-inner\">\n\t\t\t\t\t\t\t<div class=\"elementor-section-wrap\">\n\t\t\t\t\t\t\t<section class=\"elementor-section elementor-top-section elementor-element elementor-element-b20ba71 elementor-section-boxed elementor-section-height-default elementor-section-height-default\" data-id=\"b20ba71\" data-element_type=\"section\">\n\t\t\t\t\t\t<div class=\"elementor-container elementor-column-gap-default\">\n\t\t\t\t\t\t\t<div class=\"elementor-row\">\n\t\t\t\t\t<div class=\"elementor-column elementor-col-100 elementor-top-column elementor-element elementor-element-16021f5\" data-id=\"16021f5\" data-element_type=\"column\">\n\t\t\t<div class=\"elementor-column-wrap elementor-element-populated\">\n\t\t\t\t\t\t\t<div class=\"elementor-widget-wrap\">\n\t\t\t\t\t\t<div class=\"elementor-element elementor-element-7a24a5b elementor-widget elementor-widget-heading\" data-id=\"7a24a5b\" data-element_type=\"widget\" data-widget_type=\"heading.default\">\n\t\t\t\t<div class=\"elementor-widget-container\">\n\t\t\t<h1 class=\"elementor-heading-title elementor-size-default\">BADANIE LEKARSKIE, STOMATOLOGICZNE, PRZEGL\u0104D<\/h1>\t\t<\/div>\n\t\t\t\t<\/div>\n\t\t\t\t\t\t<\/div>\n\t\t\t\t\t<\/div>\n\t\t<\/div>\n\t\t\t\t\t\t\t\t<\/div>\n\t\t\t\t\t<\/div>\n\t\t<\/section>\n\t\t\t\t<section class=\"elementor-section elementor-top-section elementor-element elementor-element-d2e1417 elementor-section-boxed elementor-section-height-default elementor-section-height-default\" data-id=\"d2e1417\" data-element_type=\"section\">\n\t\t\t\t\t\t<div class=\"elementor-container elementor-column-gap-default\">\n\t\t\t\t\t\t\t<div class=\"elementor-row\">\n\t\t\t\t\t<div class=\"elementor-column elementor-col-100 elementor-top-column elementor-element elementor-element-33063f3\" data-id=\"33063f3\" data-element_type=\"column\">\n\t\t\t<div class=\"elementor-column-wrap elementor-element-populated\">\n\t\t\t\t\t\t\t<div class=\"elementor-widget-wrap\">\n\t\t\t\t\t\t<div class=\"elementor-element elementor-element-fdd8e63 elementor-widget elementor-widget-text-editor\" data-id=\"fdd8e63\" data-element_type=\"widget\" data-widget_type=\"text-editor.default\">\n\t\t\t\t<div class=\"elementor-widget-container\">\n\t\t\t\t\t<div class=\"elementor-text-editor elementor-clearfix\"><p>Drodzy Pacjenci, chcemy aby\u015bcie mieli poczucie, i\u017c Wasza wizyta kontrolna (przegl\u0105d, badanie lekarskie) jest tak wa\u017cne, jak inne wizyty zabiegowe u dentysty. Wasza wizyta ustawicznej opieki stomatologicznej obejmuje wiele us\u0142ug niezwykle istotnych dla zachowania trwa\u0142ego zdrowia w obr\u0119bie jamy ustnej. Nie postrzegamy tych us\u0142ug jako czego\u015b, co si\u0119 nie liczy i mamy nadzieje, \u017ce Wy r\u00f3wnie\u017c. Cz\u0119\u015b\u0107 przegl\u0105dowa wizyty kontrolnej obejmuje uaktualnienie historii zdrowotnej. b\u0119dzie sprawdzany wasz zgryz, przegl\u0105d ca\u0142ej jamy ustnej &#8211; pr\u00f3chnica choroby przyz\u0119bia, mog\u0105 by\u0107 zalecone zdj\u0119cia, pobrane wyciski na modele diagnostyczne<\/p><p>\u00a0<\/p><p>Wasz dentysta zaleci najlepszy przy Waszych potrzebach odst\u0119p pomi\u0119dzy wizytami kontrolnymi \u2013 zazwyczaj 3, 4, 6, b\u0105d\u017a 12 miesi\u0119cy. Prosz\u0119 pami\u0119ta\u0107. I\u017c okres 6miesi\u0119cy stanowi odst\u0119p najlepszy nie dla ka\u017cdego Pacjenta. Wizyta kontrolna jest do\u015bwiadczeniem przyjemnym i bezproblemowym.<\/p><\/div>\n\t\t\t\t<\/div>\n\t\t\t\t<\/div>\n\t\t\t\t\t\t<\/div>\n\t\t\t\t\t<\/div>\n\t\t<\/div>\n\t\t\t\t\t\t\t\t<\/div>\n\t\t\t\t\t<\/div>\n\t\t<\/section>\n\t\t\t\t\t\t<\/div>\n\t\t\t\t\t\t<\/div>\n\t\t\t\t\t<\/div>\n\t\t","protected":false},"excerpt":{"rendered":"<p>BADANIE LEKARSKIE, STOMATOLOGICZNE, PRZEGL\u0104D Drodzy Pacjenci, chcemy aby\u015bcie mieli poczucie, i\u017c Wasza wizyta kontrolna (przegl\u0105d, badanie lekarskie) jest tak wa\u017cne, jak inne wizyty zabiegowe u dentysty. Wasza wizyta ustawicznej opieki stomatologicznej obejmuje wiele us\u0142ug niezwykle istotnych dla zachowania trwa\u0142ego zdrowia w obr\u0119bie jamy ustnej. Nie postrzegamy tych us\u0142ug jako czego\u015b, co si\u0119 nie liczy i&hellip;<\/p>\n","protected":false},"author":2,"featured_media":0,"parent":0,"menu_order":0,"comment_status":"closed","ping_status":"closed","template":"","meta":[],"yoast_head":"<!-- This site is optimized with the Yoast SEO plugin v15.0 - https:\/\/yoast.com\/wordpress\/plugins\/seo\/ -->\n<title>BADANIE LEKARSKIE | Gabinet ortodontyczno-stomatologiczny<\/title>\n<meta name=\"description\" content=\"Gabinet ortodontyczno-stomatologiczny urszula andrzej \u015bwider ortodonta dentysta ortodoncja stomatologia tenczynek krzeszowice\" \/>\n<meta name=\"robots\" content=\"index, follow, max-snippet:-1, max-image-preview:large, max-video-preview:-1\" \/>\n<meta property=\"og:locale\" content=\"pl_PL\" \/>\n<meta property=\"og:type\" content=\"article\" \/>\n<meta property=\"og:title\" content=\"BADANIE LEKARSKIE | Gabinet ortodontyczno-stomatologiczny\" \/>\n<meta property=\"og:description\" content=\"Gabinet ortodontyczno-stomatologiczny urszula andrzej \u015bwider ortodonta dentysta ortodoncja stomatologia tenczynek krzeszowice\" \/>\n<meta property=\"og:url\" content=\"http:\/\/uaswider.pl\/index.php\/badanie-lekarskie\/\" \/>\n<meta property=\"og:site_name\" content=\"Gabinet ortodontyczno-stomatologiczny\" \/>\n<meta property=\"article:modified_time\" content=\"2020-10-29T21:15:16+00:00\" \/>\n<meta name=\"twitter:card\" content=\"summary_large_image\" \/>\n<script type=\"application\/ld+json\" class=\"yoast-schema-graph\">{\"@context\":\"https:\/\/schema.org\",\"@graph\":[{\"@type\":\"Organization\",\"@id\":\"https:\/\/uaswider.pl\/#organization\",\"name\":\"Gabinet ortodoncyjno-stomatologiczny - Urszula i Andrzej \\u015awider\",\"url\":\"https:\/\/uaswider.pl\/\",\"sameAs\":[],\"logo\":{\"@type\":\"ImageObject\",\"@id\":\"https:\/\/uaswider.pl\/#logo\",\"inLanguage\":\"pl-PL\",\"url\":\"https:\/\/uaswider.pl\/wp-content\/uploads\/2020\/09\/logo.png\",\"width\":800,\"height\":800,\"caption\":\"Gabinet ortodoncyjno-stomatologiczny - Urszula i Andrzej \\u015awider\"},\"image\":{\"@id\":\"https:\/\/uaswider.pl\/#logo\"}},{\"@type\":\"WebSite\",\"@id\":\"https:\/\/uaswider.pl\/#website\",\"url\":\"https:\/\/uaswider.pl\/\",\"name\":\"Gabinet ortodontyczno-stomatologiczny\",\"description\":\"Urszula i Andrzej \\u015awider\",\"publisher\":{\"@id\":\"https:\/\/uaswider.pl\/#organization\"},\"potentialAction\":[{\"@type\":\"SearchAction\",\"target\":\"https:\/\/uaswider.pl\/?s={search_term_string}\",\"query-input\":\"required name=search_term_string\"}],\"inLanguage\":\"pl-PL\"},{\"@type\":\"WebPage\",\"@id\":\"http:\/\/uaswider.pl\/index.php\/badanie-lekarskie\/#webpage\",\"url\":\"http:\/\/uaswider.pl\/index.php\/badanie-lekarskie\/\",\"name\":\"BADANIE LEKARSKIE | Gabinet ortodontyczno-stomatologiczny\",\"isPartOf\":{\"@id\":\"https:\/\/uaswider.pl\/#website\"},\"datePublished\":\"2020-10-29T21:13:54+00:00\",\"dateModified\":\"2020-10-29T21:15:16+00:00\",\"description\":\"Gabinet ortodontyczno-stomatologiczny urszula andrzej \\u015bwider ortodonta dentysta ortodoncja stomatologia tenczynek krzeszowice\",\"inLanguage\":\"pl-PL\",\"potentialAction\":[{\"@type\":\"ReadAction\",\"target\":[\"http:\/\/uaswider.pl\/index.php\/badanie-lekarskie\/\"]}]}]}<\/script>\n<!-- \/ Yoast SEO plugin. -->","_links":{"self":[{"href":"https:\/\/uaswider.pl\/index.php\/wp-json\/wp\/v2\/pages\/345"}],"collection":[{"href":"https:\/\/uaswider.pl\/index.php\/wp-json\/wp\/v2\/pages"}],"about":[{"href":"https:\/\/uaswider.pl\/index.php\/wp-json\/wp\/v2\/types\/page"}],"author":[{"embeddable":true,"href":"https:\/\/uaswider.pl\/index.php\/wp-json\/wp\/v2\/users\/2"}],"replies":[{"embeddable":true,"href":"https:\/\/uaswider.pl\/index.php\/wp-json\/wp\/v2\/comments?post=345"}],"version-history":[{"count":2,"href":"https:\/\/uaswider.pl\/index.php\/wp-json\/wp\/v2\/pages\/345\/revisions"}],"predecessor-version":[{"id":347,"href":"https:\/\/uaswider.pl\/index.php\/wp-json\/wp\/v2\/pages\/345\/revisions\/347"}],"wp:attachment":[{"href":"https:\/\/uaswider.pl\/index.php\/wp-json\/wp\/v2\/media?parent=345"}],"curies":[{"name":"wp","href":"https:\/\/api.w.org\/{rel}","templated":true}]}}