{"id":323,"date":"2020-10-14T12:57:07","date_gmt":"2020-10-14T10:57:07","guid":{"rendered":"http:\/\/uaswider.pl\/?page_id=323"},"modified":"2020-10-14T13:07:12","modified_gmt":"2020-10-14T11:07:12","slug":"aparat-wyjmowany-ruchomy-zalecenia","status":"publish","type":"page","link":"https:\/\/uaswider.pl\/index.php\/aparat-wyjmowany-ruchomy-zalecenia\/","title":{"rendered":"APARAT WYJMOWANY RUCHOMY ZALECENIA"},"content":{"rendered":"\t\t<div data-elementor-type=\"wp-page\" data-elementor-id=\"323\" class=\"elementor elementor-323\" data-elementor-settings=\"[]\">\n\t\t\t\t\t\t<div class=\"elementor-inner\">\n\t\t\t\t\t\t\t<div class=\"elementor-section-wrap\">\n\t\t\t\t\t\t\t<section class=\"elementor-section elementor-top-section elementor-element elementor-element-085d9b2 elementor-section-boxed elementor-section-height-default elementor-section-height-default\" data-id=\"085d9b2\" data-element_type=\"section\">\n\t\t\t\t\t\t<div class=\"elementor-container elementor-column-gap-default\">\n\t\t\t\t\t\t\t<div class=\"elementor-row\">\n\t\t\t\t\t<div class=\"elementor-column elementor-col-100 elementor-top-column elementor-element elementor-element-6ab8970\" data-id=\"6ab8970\" data-element_type=\"column\">\n\t\t\t<div class=\"elementor-column-wrap elementor-element-populated\">\n\t\t\t\t\t\t\t<div class=\"elementor-widget-wrap\">\n\t\t\t\t\t\t<div class=\"elementor-element elementor-element-145ecce elementor-widget elementor-widget-heading\" data-id=\"145ecce\" data-element_type=\"widget\" data-widget_type=\"heading.default\">\n\t\t\t\t<div class=\"elementor-widget-container\">\n\t\t\t<h1 class=\"elementor-heading-title elementor-size-default\">APARAT WYJMOWANY RUCHOMY - ZALECENIA<\/h1>\t\t<\/div>\n\t\t\t\t<\/div>\n\t\t\t\t\t\t<\/div>\n\t\t\t\t\t<\/div>\n\t\t<\/div>\n\t\t\t\t\t\t\t\t<\/div>\n\t\t\t\t\t<\/div>\n\t\t<\/section>\n\t\t\t\t<section class=\"elementor-section elementor-top-section elementor-element elementor-element-b5c4479 elementor-section-boxed elementor-section-height-default elementor-section-height-default\" data-id=\"b5c4479\" data-element_type=\"section\">\n\t\t\t\t\t\t<div class=\"elementor-container elementor-column-gap-default\">\n\t\t\t\t\t\t\t<div class=\"elementor-row\">\n\t\t\t\t\t<div class=\"elementor-column elementor-col-100 elementor-top-column elementor-element elementor-element-2474670\" data-id=\"2474670\" data-element_type=\"column\">\n\t\t\t<div class=\"elementor-column-wrap elementor-element-populated\">\n\t\t\t\t\t\t\t<div class=\"elementor-widget-wrap\">\n\t\t\t\t\t\t<div class=\"elementor-element elementor-element-9d98a81 elementor-widget elementor-widget-text-editor\" data-id=\"9d98a81\" data-element_type=\"widget\" data-widget_type=\"text-editor.default\">\n\t\t\t\t<div class=\"elementor-widget-container\">\n\t\t\t\t\t<div class=\"elementor-text-editor elementor-clearfix\"><p><b>Aparat wyjmowany (ruchomy) \u2013 zalecenia:<\/b><\/p><ul><li style=\"font-weight: 400;\"><span style=\"font-weight: 400;\">Czas noszenia \u2013 wg wskaza\u0144 lekarza prowadz\u0105cego, \u015bredni czas dobowy powinien wynosi\u0107 od 14 do 16 godzin (chyba, \u017ce lekarz zaleci inaczej). Im wi\u0119cej godzin noszenia tym lepszy i szybszy efekt leczenia.<\/span><\/li><li style=\"font-weight: 400;\"><span style=\"font-weight: 400;\">Aparat ruchomy nale\u017cy zdejmowa\u0107 do jedzenia posi\u0142k\u00f3w, mycia z\u0119b\u00f3w, aktywno\u015bci fizycznych . Nie zaleca si\u0119 noszenia aparatu w szkole, mo\u017ce to skutkowa\u0107 zgubieniem lub zniszczeniem.<\/span><\/li><li style=\"font-weight: 400;\"><span style=\"font-weight: 400;\">Dwa pierwsze tygodnie noszenia aparatu wyjmowanego nale\u017cy traktowa\u0107 jako okres adaptacyjny \u2013 <\/span><b>w tym czasie nie rozkr\u0119camy aparatu!<\/b><span style=\"font-weight: 400;\">\u00a0 U pacjenta mo\u017ce pojawi\u0107 si\u0119 zwi\u0119kszone wydzielanie \u015bliny a nawet odruch wymiotny . Mog\u0105 pojawi\u0107 si\u0119 problemy z wymowa \u2013 niewyra\u017ane m\u00f3wienie oraz k\u0142opoty z prze\u0142ykaniem \u015bliny.<\/span><\/li><li style=\"font-weight: 400;\"><span style=\"font-weight: 400;\">Noszenie aparatu wyjmowanego powinno zacz\u0105\u0107 si\u0119 od jednej godzinny dziennie, stopniowo wyd\u0142u\u017caj\u0105c czas noszenia.<\/span><\/li><li style=\"font-weight: 400;\"><span style=\"font-weight: 400;\">Okres adaptacyjny czyli drugi tydzie\u0144 noszenia aparatu powinien wynosi\u0107 5 -6 godzin dziennie i ca\u0142\u0105 noc.<\/span><\/li><li style=\"font-weight: 400;\"><span style=\"font-weight: 400;\">Zalecenia ustawienia \u2013 przykr\u0119cania \u015bruby aparatu nale\u017cy wykonywa\u0107 dok\u0142adnie i systematycznie wg wskaz\u00f3wek wg lekarza prowadz\u0105cego. Kluczyk winien by\u0107 w\u0142o\u017cony do otworu \u015bruby i przekr\u0119cony zgodnie ze wskazaniem strza\u0142ki, przekr\u0119cony w stron\u0119 wskazanym przez strza\u0142k\u0119 w aparacie a\u017c do ukazania si\u0119 nast\u0119pnej dziurki.<\/span><\/li><li style=\"font-weight: 400;\"><span style=\"font-weight: 400;\">Zalecane jest zapisywanie dat podkr\u0119ce\u0144.<\/span><\/li><li style=\"font-weight: 400;\"><span style=\"font-weight: 400;\">Przy systematycznym noszeniu\u00a0 aparatu 14 i wi\u0119cej godzin na dob\u0119, pacjent lub rodzic powinien rozkr\u0119ca\u0107 \u015brub\u0119 jeden raz w tygodniu.<\/span><\/li><li style=\"font-weight: 400;\"><span style=\"font-weight: 400;\">Je\u017celi pacjent nosi aparat wyjmowany (ruchomy) tylko w nocy, \u015brub\u0119 rozkr\u0119camy co 2 tygodnie, co skutkuj\u0119 spowolnieniem i wyd\u0142u\u017ceniem procesu leczenia.<\/span><\/li><li style=\"font-weight: 400;\"><span style=\"font-weight: 400;\">Ponowne rozkr\u0119cenie \u015bruby i ponowne za\u0142o\u017cenie aparatu u pacjenta mo\u017ce pojawi\u0107 si\u0119 uczucie ucisku na z\u0119by i b\u00f3l. Objaw ten jest prawid\u0142owym odczuciem i szybko mija.<\/span><\/li><li style=\"font-weight: 400;\"><span style=\"font-weight: 400;\">Za szybkie rozkr\u0119canie \u015bruby, przy zbyt ma\u0142ym czasie noszenia aparatu powoduje niedopasowanie aparaty wyjmowanego (ruchomego) i mo\u017ce wywiera\u0107 ucisk na z\u0119by i b\u0142on\u0119 \u015bluzow\u0105, powoduj\u0105c zniech\u0119cenie u pacjenta do dalszego noszenie.<\/span><\/li><li style=\"font-weight: 400;\"><span style=\"font-weight: 400;\">W sytuacjach gdy pacjent z jaki\u015b powod\u00f3w nie mo\u017ce nosi\u0107 aparatu wyjmowanego (ruchomego), nie nale\u017cy go rozkr\u0119ca\u0107. Mo\u017ce zaistnie\u0107 konieczno\u015b\u0107 po takim okresie ponownego skr\u0119cenia i ponownego dostosowania aparatu.<\/span><\/li><li style=\"font-weight: 400;\"><span style=\"font-weight: 400;\">Je\u015bli po podkr\u0119caniu aparatu, aparat nie pasuje to oznacza \u017ce pacjent nie stosuje si\u0119 do zalecanego czasu noszenia.<\/span><\/li><li style=\"font-weight: 400;\"><span style=\"font-weight: 400;\">Aktywacja aparatu mo\u017ce powodowa\u0107 u pacjenta nast\u0119puj\u0105ce objawy: tkliwo\u015b\u0107 z\u0119b\u00f3w, uczucie \u201eciasno\u015bci&#8221;, otarcia, odle\u017cyny, nieznaczn\u0105 ruchomo\u015b\u0107 z\u0119b\u00f3w. Wymienione dolegliwo\u015bci powinny min\u0105\u0107 po 3-4 dniach. Je\u017celi b\u00f3l jest silny i zlokalizowany w konkretnym punkcie nale\u017cy skontaktowa\u0107 si\u0119 z lekarzem prowadz\u0105cym.<\/span><\/li><\/ul><p><strong>Zasady higieny aparatu wyjmowanego (ruchomego):<\/strong><\/p><ul><li style=\"font-weight: 400;\"><span style=\"font-weight: 400;\">Aparat nale\u017cy zak\u0142ada\u0107 na dok\u0142adnie umyte z\u0119by.<\/span><\/li><li style=\"font-weight: 400;\"><span style=\"font-weight: 400;\">Ka\u017cdorazowo po wyj\u0119ciu z jamy ustnej nale\u017cy go umy\u0107 pod bie\u017c\u0105c\u0105 wod\u0105.\u00a0<\/span><\/li><li style=\"font-weight: 400;\"><span style=\"font-weight: 400;\">Aparat nale\u017cy czy\u015bci\u0107 w spos\u00f3b mechaniczny szczoteczka przeznaczona do aparat\u00f3w lub protez z\u0119bowych przy u\u017cyciu myd\u0142a w p\u0142ynie lub myd\u0142a szarego. Samo op\u0142ukanie aparatu pod bie\u017c\u0105c\u0105 woda jest niewystarczaj\u0105ce!<\/span><\/li><li style=\"font-weight: 400;\"><span style=\"font-weight: 400;\">Tabletki musuj\u0105ce do protez i aparat\u00f3w s\u0105 nie zast\u0119puj\u0105 oczyszczania mechanicznego, a tylko je wspomagaj\u0105.<\/span><\/li><li style=\"font-weight: 400;\"><span style=\"font-weight: 400;\">Nie mo\u017cna u\u017cywa\u0107 pasty do z\u0119b\u00f3w do czyszczenia aparatu ortodontycznego wyjmowanego!<\/span><\/li><li style=\"font-weight: 400;\"><span style=\"font-weight: 400;\">Zwraca\u0107 szczeg\u00f3ln\u0105 uwag\u0119 na umycie w okolicy \u015brub i spr\u0119\u017cyn.<\/span><\/li><li style=\"font-weight: 400;\"><span style=\"font-weight: 400;\">W czasie mycia i podkr\u0119cania \u015brub myj\u0105cy powinien trzyma\u0107 aparat za akryl a nie za druty poniewa\u017c mog\u0105 ulec odkszta\u0142ceniu.\u00a0<\/span><\/li><li style=\"font-weight: 400;\"><span style=\"font-weight: 400;\">Po umyciu aparat nale\u017cy wytrze\u0107 papierow\u0105 chusteczka lub r\u0119cznikiem, przechowywa\u0107 w przeznaczonym do tego celu specjalnym pude\u0142ku, zawsze suchy i czysty.<\/span><\/li><\/ul><p><b>Aparat nie powoduje pr\u00f3chnicy je\u017celi z\u0119by i aparat s\u0105 zawsze czyste!<\/b><\/p><\/div>\n\t\t\t\t<\/div>\n\t\t\t\t<\/div>\n\t\t\t\t\t\t<\/div>\n\t\t\t\t\t<\/div>\n\t\t<\/div>\n\t\t\t\t\t\t\t\t<\/div>\n\t\t\t\t\t<\/div>\n\t\t<\/section>\n\t\t\t\t\t\t<\/div>\n\t\t\t\t\t\t<\/div>\n\t\t\t\t\t<\/div>\n\t\t","protected":false},"excerpt":{"rendered":"<p>APARAT WYJMOWANY RUCHOMY &#8211; ZALECENIA Aparat wyjmowany (ruchomy) \u2013 zalecenia: Czas noszenia \u2013 wg wskaza\u0144 lekarza prowadz\u0105cego, \u015bredni czas dobowy powinien wynosi\u0107 od 14 do 16 godzin (chyba, \u017ce lekarz zaleci inaczej). Im wi\u0119cej godzin noszenia tym lepszy i szybszy efekt leczenia. Aparat ruchomy nale\u017cy zdejmowa\u0107 do jedzenia posi\u0142k\u00f3w, mycia z\u0119b\u00f3w, aktywno\u015bci fizycznych . Nie&hellip;<\/p>\n","protected":false},"author":2,"featured_media":0,"parent":0,"menu_order":0,"comment_status":"closed","ping_status":"closed","template":"","meta":[],"yoast_head":"<!-- This site is optimized with the Yoast SEO plugin v15.0 - https:\/\/yoast.com\/wordpress\/plugins\/seo\/ -->\n<title>APARAT WYJMOWANY RUCHOMY ZALECENIA | Gabinet ortodontyczno-stomatologiczny<\/title>\n<meta name=\"description\" content=\"Gabinet ortodontyczno-stomatologiczny urszula andrzej \u015bwider ortodonta dentysta ortodoncja stomatologia tenczynek krzeszowice\" \/>\n<meta name=\"robots\" content=\"index, follow, max-snippet:-1, max-image-preview:large, max-video-preview:-1\" \/>\n<meta property=\"og:locale\" content=\"pl_PL\" \/>\n<meta property=\"og:type\" content=\"article\" \/>\n<meta property=\"og:title\" content=\"APARAT WYJMOWANY RUCHOMY ZALECENIA | Gabinet ortodontyczno-stomatologiczny\" \/>\n<meta property=\"og:description\" content=\"Gabinet ortodontyczno-stomatologiczny urszula andrzej \u015bwider ortodonta dentysta ortodoncja stomatologia tenczynek krzeszowice\" \/>\n<meta property=\"og:url\" content=\"http:\/\/uaswider.pl\/index.php\/aparat-wyjmowany-ruchomy-zalecenia\/\" \/>\n<meta property=\"og:site_name\" content=\"Gabinet ortodontyczno-stomatologiczny\" \/>\n<meta property=\"article:modified_time\" content=\"2020-10-14T11:07:12+00:00\" \/>\n<meta name=\"twitter:card\" content=\"summary_large_image\" \/>\n<script type=\"application\/ld+json\" class=\"yoast-schema-graph\">{\"@context\":\"https:\/\/schema.org\",\"@graph\":[{\"@type\":\"Organization\",\"@id\":\"https:\/\/uaswider.pl\/#organization\",\"name\":\"Gabinet ortodoncyjno-stomatologiczny - Urszula i Andrzej \\u015awider\",\"url\":\"https:\/\/uaswider.pl\/\",\"sameAs\":[],\"logo\":{\"@type\":\"ImageObject\",\"@id\":\"https:\/\/uaswider.pl\/#logo\",\"inLanguage\":\"pl-PL\",\"url\":\"https:\/\/uaswider.pl\/wp-content\/uploads\/2020\/09\/logo.png\",\"width\":800,\"height\":800,\"caption\":\"Gabinet ortodoncyjno-stomatologiczny - Urszula i Andrzej \\u015awider\"},\"image\":{\"@id\":\"https:\/\/uaswider.pl\/#logo\"}},{\"@type\":\"WebSite\",\"@id\":\"https:\/\/uaswider.pl\/#website\",\"url\":\"https:\/\/uaswider.pl\/\",\"name\":\"Gabinet ortodontyczno-stomatologiczny\",\"description\":\"Urszula i Andrzej \\u015awider\",\"publisher\":{\"@id\":\"https:\/\/uaswider.pl\/#organization\"},\"potentialAction\":[{\"@type\":\"SearchAction\",\"target\":\"https:\/\/uaswider.pl\/?s={search_term_string}\",\"query-input\":\"required name=search_term_string\"}],\"inLanguage\":\"pl-PL\"},{\"@type\":\"WebPage\",\"@id\":\"http:\/\/uaswider.pl\/index.php\/aparat-wyjmowany-ruchomy-zalecenia\/#webpage\",\"url\":\"http:\/\/uaswider.pl\/index.php\/aparat-wyjmowany-ruchomy-zalecenia\/\",\"name\":\"APARAT WYJMOWANY RUCHOMY ZALECENIA | Gabinet ortodontyczno-stomatologiczny\",\"isPartOf\":{\"@id\":\"https:\/\/uaswider.pl\/#website\"},\"datePublished\":\"2020-10-14T10:57:07+00:00\",\"dateModified\":\"2020-10-14T11:07:12+00:00\",\"description\":\"Gabinet ortodontyczno-stomatologiczny urszula andrzej \\u015bwider ortodonta dentysta ortodoncja stomatologia tenczynek krzeszowice\",\"inLanguage\":\"pl-PL\",\"potentialAction\":[{\"@type\":\"ReadAction\",\"target\":[\"http:\/\/uaswider.pl\/index.php\/aparat-wyjmowany-ruchomy-zalecenia\/\"]}]}]}<\/script>\n<!-- \/ Yoast SEO plugin. -->","_links":{"self":[{"href":"https:\/\/uaswider.pl\/index.php\/wp-json\/wp\/v2\/pages\/323"}],"collection":[{"href":"https:\/\/uaswider.pl\/index.php\/wp-json\/wp\/v2\/pages"}],"about":[{"href":"https:\/\/uaswider.pl\/index.php\/wp-json\/wp\/v2\/types\/page"}],"author":[{"embeddable":true,"href":"https:\/\/uaswider.pl\/index.php\/wp-json\/wp\/v2\/users\/2"}],"replies":[{"embeddable":true,"href":"https:\/\/uaswider.pl\/index.php\/wp-json\/wp\/v2\/comments?post=323"}],"version-history":[{"count":3,"href":"https:\/\/uaswider.pl\/index.php\/wp-json\/wp\/v2\/pages\/323\/revisions"}],"predecessor-version":[{"id":328,"href":"https:\/\/uaswider.pl\/index.php\/wp-json\/wp\/v2\/pages\/323\/revisions\/328"}],"wp:attachment":[{"href":"https:\/\/uaswider.pl\/index.php\/wp-json\/wp\/v2\/media?parent=323"}],"curies":[{"name":"wp","href":"https:\/\/api.w.org\/{rel}","templated":true}]}}