{"id":318,"date":"2020-10-14T12:52:18","date_gmt":"2020-10-14T10:52:18","guid":{"rendered":"http:\/\/uaswider.pl\/?page_id=318"},"modified":"2020-10-14T12:56:02","modified_gmt":"2020-10-14T10:56:02","slug":"leczenie-retencyjne","status":"publish","type":"page","link":"https:\/\/uaswider.pl\/index.php\/leczenie-retencyjne\/","title":{"rendered":"LECZENIE RETENCYJNE"},"content":{"rendered":"\t\t<div data-elementor-type=\"wp-page\" data-elementor-id=\"318\" class=\"elementor elementor-318\" data-elementor-settings=\"[]\">\n\t\t\t\t\t\t<div class=\"elementor-inner\">\n\t\t\t\t\t\t\t<div class=\"elementor-section-wrap\">\n\t\t\t\t\t\t\t<section class=\"elementor-section elementor-top-section elementor-element elementor-element-2ef3ece elementor-section-boxed elementor-section-height-default elementor-section-height-default\" data-id=\"2ef3ece\" data-element_type=\"section\">\n\t\t\t\t\t\t<div class=\"elementor-container elementor-column-gap-default\">\n\t\t\t\t\t\t\t<div class=\"elementor-row\">\n\t\t\t\t\t<div class=\"elementor-column elementor-col-100 elementor-top-column elementor-element elementor-element-5532bf8\" data-id=\"5532bf8\" data-element_type=\"column\">\n\t\t\t<div class=\"elementor-column-wrap elementor-element-populated\">\n\t\t\t\t\t\t\t<div class=\"elementor-widget-wrap\">\n\t\t\t\t\t\t<div class=\"elementor-element elementor-element-d79c755 elementor-widget elementor-widget-heading\" data-id=\"d79c755\" data-element_type=\"widget\" data-widget_type=\"heading.default\">\n\t\t\t\t<div class=\"elementor-widget-container\">\n\t\t\t<h1 class=\"elementor-heading-title elementor-size-default\">LECZENIE RETENCYJNE<\/h1>\t\t<\/div>\n\t\t\t\t<\/div>\n\t\t\t\t\t\t<\/div>\n\t\t\t\t\t<\/div>\n\t\t<\/div>\n\t\t\t\t\t\t\t\t<\/div>\n\t\t\t\t\t<\/div>\n\t\t<\/section>\n\t\t\t\t<section class=\"elementor-section elementor-top-section elementor-element elementor-element-442e698 elementor-section-boxed elementor-section-height-default elementor-section-height-default\" data-id=\"442e698\" data-element_type=\"section\">\n\t\t\t\t\t\t<div class=\"elementor-container elementor-column-gap-default\">\n\t\t\t\t\t\t\t<div class=\"elementor-row\">\n\t\t\t\t\t<div class=\"elementor-column elementor-col-100 elementor-top-column elementor-element elementor-element-ccea66b\" data-id=\"ccea66b\" data-element_type=\"column\">\n\t\t\t<div class=\"elementor-column-wrap elementor-element-populated\">\n\t\t\t\t\t\t\t<div class=\"elementor-widget-wrap\">\n\t\t\t\t\t\t<div class=\"elementor-element elementor-element-ce408e8 elementor-widget elementor-widget-text-editor\" data-id=\"ce408e8\" data-element_type=\"widget\" data-widget_type=\"text-editor.default\">\n\t\t\t\t<div class=\"elementor-widget-container\">\n\t\t\t\t\t<div class=\"elementor-text-editor elementor-clearfix\"><p>Ostatni etap leczenia ortodontycznego to leczenie retencyjne, kt\u00f3re ma na celu ustabilizowanie i utrzymanie efektu przeprowadzonego leczenia poprzez umo\u017cliwienie z\u0119bom, ko\u015bciom oraz tkankom mi\u0119kkim jamy ustnej i twarzy, wzajemne dostosowanie si\u0119 w trakcie procesu \u017cucia. Do tego celu stosowane s\u0105 aparaty retencyjne, dodatkowo w \u0142uku dolnym stosuje si\u0119 retainer sta\u0142y przytwierdzony do z\u0119b\u00f3w siecznych od strony j\u0119zykowej. Czas leczenia retencyjnego jest uzale\u017cniony od wady i wieku pacjenta. Dla prawid\u0142owego przebiegu leczenia retencyjnego koniecznym jest przestrzegania otrzymanych zalece\u0144 przez lekarza prowadz\u0105cego oraz odbywanie wizyt kontrolnych 3, 6 oraz 12 miesi\u0119cy.<\/p>\n<p>W pierwszych trzech miesi\u0105cach pacjent winien nosi\u0107 aparat retencyjny przez 24h, z wy\u0142\u0105czeniem czasu przeznaczonego na mycie z\u0119b\u00f3w i jedzenie. Przez nast\u0119pne 6 \u2013miesi\u0119cy 10h na dob\u0119. Dalsze leczenie ustalane jest w trakcie wizyt kontrolnych. Je\u017celi po up\u0142ywie 2 lat z\u0119by s\u0105 ustabilizowane to leczenie retencyjne mo\u017cna uzna\u0107 za zako\u0144czone. Wskazane jest jednak przymierza\u0107 aparat retencyjny po tym czasie raz w tygodniu dla sprawdzenia, czy z\u0119by pozostaj\u0105 na swoich pozycjach.<br>Nale\u017cy pami\u0119ta\u0107, \u017ce z\u0119by przez ca\u0142y okres swojego funkcjonowania, zar\u00f3wno u os\u00f3b leczonych, jak i nieleczonych ortodontycznie, podlegaj\u0105 przesuni\u0119ciom spowodowanym dzia\u0142aniom si\u0142 \u017cucia t\u0142oczeniu j\u0119zyka, procesowi wzrostu starzenia si\u0119, w zwi\u0105zku z tym ich pozycja nie jest ustalona raz na zawsze.<br><\/p>\n<p>Aparaty retencyjne nale\u017cy my\u0107 bie\u017c\u0105c\u0105, letni\u0105 wod\u0105, myd\u0142em w p\u0142ynie i przechowywa\u0107 w przeznaczonym do tego celu pude\u0142ku na sucho. Nale\u017cy unika\u0107 do mycia gor\u0105cej wody poniewa\u017c wysoka temperatura prowadzi do deformacji aparatu retencyjnego .<\/p>\n<p>Na wizyty kontrolne, po zako\u0144czonym leczeniu ortodontycznym, konieczne jest przynoszenie aparatu retencyjnego.<\/p><\/div>\n\t\t\t\t<\/div>\n\t\t\t\t<\/div>\n\t\t\t\t\t\t<\/div>\n\t\t\t\t\t<\/div>\n\t\t<\/div>\n\t\t\t\t\t\t\t\t<\/div>\n\t\t\t\t\t<\/div>\n\t\t<\/section>\n\t\t\t\t\t\t<\/div>\n\t\t\t\t\t\t<\/div>\n\t\t\t\t\t<\/div>\n\t\t","protected":false},"excerpt":{"rendered":"<p>LECZENIE RETENCYJNE Ostatni etap leczenia ortodontycznego to leczenie retencyjne, kt\u00f3re ma na celu ustabilizowanie i utrzymanie efektu przeprowadzonego leczenia poprzez umo\u017cliwienie z\u0119bom, ko\u015bciom oraz tkankom mi\u0119kkim jamy ustnej i twarzy, wzajemne dostosowanie si\u0119 w trakcie procesu \u017cucia. Do tego celu stosowane s\u0105 aparaty retencyjne, dodatkowo w \u0142uku dolnym stosuje si\u0119 retainer sta\u0142y przytwierdzony do z\u0119b\u00f3w&hellip;<\/p>\n","protected":false},"author":2,"featured_media":0,"parent":0,"menu_order":0,"comment_status":"closed","ping_status":"closed","template":"","meta":[],"yoast_head":"<!-- This site is optimized with the Yoast SEO plugin v15.0 - https:\/\/yoast.com\/wordpress\/plugins\/seo\/ -->\n<title>LECZENIE RETENCYJNE | Gabinet ortodontyczno-stomatologiczny<\/title>\n<meta name=\"description\" content=\"Gabinet ortodontyczno-stomatologiczny urszula andrzej \u015bwider ortodonta dentysta ortodoncja stomatologia tenczynek krzeszowice\" \/>\n<meta name=\"robots\" content=\"index, follow, max-snippet:-1, max-image-preview:large, max-video-preview:-1\" \/>\n<meta property=\"og:locale\" content=\"pl_PL\" \/>\n<meta property=\"og:type\" content=\"article\" \/>\n<meta property=\"og:title\" content=\"LECZENIE RETENCYJNE | Gabinet ortodontyczno-stomatologiczny\" \/>\n<meta property=\"og:description\" content=\"Gabinet ortodontyczno-stomatologiczny urszula andrzej \u015bwider ortodonta dentysta ortodoncja stomatologia tenczynek krzeszowice\" \/>\n<meta property=\"og:url\" content=\"http:\/\/uaswider.pl\/index.php\/leczenie-retencyjne\/\" \/>\n<meta property=\"og:site_name\" content=\"Gabinet ortodontyczno-stomatologiczny\" \/>\n<meta property=\"article:modified_time\" content=\"2020-10-14T10:56:02+00:00\" \/>\n<meta name=\"twitter:card\" content=\"summary_large_image\" \/>\n<script type=\"application\/ld+json\" class=\"yoast-schema-graph\">{\"@context\":\"https:\/\/schema.org\",\"@graph\":[{\"@type\":\"Organization\",\"@id\":\"https:\/\/uaswider.pl\/#organization\",\"name\":\"Gabinet ortodoncyjno-stomatologiczny - Urszula i Andrzej \\u015awider\",\"url\":\"https:\/\/uaswider.pl\/\",\"sameAs\":[],\"logo\":{\"@type\":\"ImageObject\",\"@id\":\"https:\/\/uaswider.pl\/#logo\",\"inLanguage\":\"pl-PL\",\"url\":\"https:\/\/uaswider.pl\/wp-content\/uploads\/2020\/09\/logo.png\",\"width\":800,\"height\":800,\"caption\":\"Gabinet ortodoncyjno-stomatologiczny - Urszula i Andrzej \\u015awider\"},\"image\":{\"@id\":\"https:\/\/uaswider.pl\/#logo\"}},{\"@type\":\"WebSite\",\"@id\":\"https:\/\/uaswider.pl\/#website\",\"url\":\"https:\/\/uaswider.pl\/\",\"name\":\"Gabinet ortodontyczno-stomatologiczny\",\"description\":\"Urszula i Andrzej \\u015awider\",\"publisher\":{\"@id\":\"https:\/\/uaswider.pl\/#organization\"},\"potentialAction\":[{\"@type\":\"SearchAction\",\"target\":\"https:\/\/uaswider.pl\/?s={search_term_string}\",\"query-input\":\"required name=search_term_string\"}],\"inLanguage\":\"pl-PL\"},{\"@type\":\"WebPage\",\"@id\":\"http:\/\/uaswider.pl\/index.php\/leczenie-retencyjne\/#webpage\",\"url\":\"http:\/\/uaswider.pl\/index.php\/leczenie-retencyjne\/\",\"name\":\"LECZENIE RETENCYJNE | Gabinet ortodontyczno-stomatologiczny\",\"isPartOf\":{\"@id\":\"https:\/\/uaswider.pl\/#website\"},\"datePublished\":\"2020-10-14T10:52:18+00:00\",\"dateModified\":\"2020-10-14T10:56:02+00:00\",\"description\":\"Gabinet ortodontyczno-stomatologiczny urszula andrzej \\u015bwider ortodonta dentysta ortodoncja stomatologia tenczynek krzeszowice\",\"inLanguage\":\"pl-PL\",\"potentialAction\":[{\"@type\":\"ReadAction\",\"target\":[\"http:\/\/uaswider.pl\/index.php\/leczenie-retencyjne\/\"]}]}]}<\/script>\n<!-- \/ Yoast SEO plugin. -->","_links":{"self":[{"href":"https:\/\/uaswider.pl\/index.php\/wp-json\/wp\/v2\/pages\/318"}],"collection":[{"href":"https:\/\/uaswider.pl\/index.php\/wp-json\/wp\/v2\/pages"}],"about":[{"href":"https:\/\/uaswider.pl\/index.php\/wp-json\/wp\/v2\/types\/page"}],"author":[{"embeddable":true,"href":"https:\/\/uaswider.pl\/index.php\/wp-json\/wp\/v2\/users\/2"}],"replies":[{"embeddable":true,"href":"https:\/\/uaswider.pl\/index.php\/wp-json\/wp\/v2\/comments?post=318"}],"version-history":[{"count":3,"href":"https:\/\/uaswider.pl\/index.php\/wp-json\/wp\/v2\/pages\/318\/revisions"}],"predecessor-version":[{"id":322,"href":"https:\/\/uaswider.pl\/index.php\/wp-json\/wp\/v2\/pages\/318\/revisions\/322"}],"wp:attachment":[{"href":"https:\/\/uaswider.pl\/index.php\/wp-json\/wp\/v2\/media?parent=318"}],"curies":[{"name":"wp","href":"https:\/\/api.w.org\/{rel}","templated":true}]}}