{"id":313,"date":"2020-10-14T12:49:16","date_gmt":"2020-10-14T10:49:16","guid":{"rendered":"http:\/\/uaswider.pl\/?page_id=313"},"modified":"2020-10-14T12:50:28","modified_gmt":"2020-10-14T10:50:28","slug":"zalecenia-higieniczne","status":"publish","type":"page","link":"https:\/\/uaswider.pl\/index.php\/zalecenia-higieniczne\/","title":{"rendered":"ZALECENIA HIGIENICZNE"},"content":{"rendered":"\t\t<div data-elementor-type=\"wp-page\" data-elementor-id=\"313\" class=\"elementor elementor-313\" data-elementor-settings=\"[]\">\n\t\t\t\t\t\t<div class=\"elementor-inner\">\n\t\t\t\t\t\t\t<div class=\"elementor-section-wrap\">\n\t\t\t\t\t\t\t<section class=\"elementor-section elementor-top-section elementor-element elementor-element-bfb314e elementor-section-boxed elementor-section-height-default elementor-section-height-default\" data-id=\"bfb314e\" data-element_type=\"section\">\n\t\t\t\t\t\t<div class=\"elementor-container elementor-column-gap-default\">\n\t\t\t\t\t\t\t<div class=\"elementor-row\">\n\t\t\t\t\t<div class=\"elementor-column elementor-col-100 elementor-top-column elementor-element elementor-element-6192e93\" data-id=\"6192e93\" data-element_type=\"column\">\n\t\t\t<div class=\"elementor-column-wrap elementor-element-populated\">\n\t\t\t\t\t\t\t<div class=\"elementor-widget-wrap\">\n\t\t\t\t\t\t<div class=\"elementor-element elementor-element-4046f53 elementor-widget elementor-widget-heading\" data-id=\"4046f53\" data-element_type=\"widget\" data-widget_type=\"heading.default\">\n\t\t\t\t<div class=\"elementor-widget-container\">\n\t\t\t<h1 class=\"elementor-heading-title elementor-size-default\">ZALECENIA HIGIENICZNE<\/h1>\t\t<\/div>\n\t\t\t\t<\/div>\n\t\t\t\t\t\t<\/div>\n\t\t\t\t\t<\/div>\n\t\t<\/div>\n\t\t\t\t\t\t\t\t<\/div>\n\t\t\t\t\t<\/div>\n\t\t<\/section>\n\t\t\t\t<section class=\"elementor-section elementor-top-section elementor-element elementor-element-341fc42 elementor-section-boxed elementor-section-height-default elementor-section-height-default\" data-id=\"341fc42\" data-element_type=\"section\">\n\t\t\t\t\t\t<div class=\"elementor-container elementor-column-gap-default\">\n\t\t\t\t\t\t\t<div class=\"elementor-row\">\n\t\t\t\t\t<div class=\"elementor-column elementor-col-100 elementor-top-column elementor-element elementor-element-e875113\" data-id=\"e875113\" data-element_type=\"column\">\n\t\t\t<div class=\"elementor-column-wrap elementor-element-populated\">\n\t\t\t\t\t\t\t<div class=\"elementor-widget-wrap\">\n\t\t\t\t\t\t<div class=\"elementor-element elementor-element-b9650cc elementor-widget elementor-widget-text-editor\" data-id=\"b9650cc\" data-element_type=\"widget\" data-widget_type=\"text-editor.default\">\n\t\t\t\t<div class=\"elementor-widget-container\">\n\t\t\t\t\t<div class=\"elementor-text-editor elementor-clearfix\"><p>Aparaty ortodontyczne nie powoduj\u0105 pr\u00f3chnicy ,s\u0105 jednak poprzez swoja budow\u0119: zamki, druty, \u015bruby, pier\u015bcienie miejscem dodatkowej retencji resztek pokarmu i p\u0142ytki naz\u0119bnej. Nieprawid\u0142owa higiena mo\u017ce powodowa\u0107 wi\u0119ksze ryzyko pr\u00f3chnicy i odwapnie\u0144. Charakterystyczne s\u0105 bia\u0142e plamy w kszta\u0142cie p\u00f3\u0142ksi\u0119\u017cyca powstaj\u0105ce pomi\u0119dzy lini\u0105 dzi\u0105s\u0142a a zamkiem ortodontycznym, a tak\u017ce kumulacja nieusuwanej p\u0142ytki naz\u0119bnej prowadzi do stan\u00f3w zapalnych dzi\u0105se\u0142 ich przerostu i<br \/>krwawienia. Dlatego tak istotne jest przestrzeganie zasad higieny w leczeniu ortodontycznym:<\/p><ul><li>Z\u0119by nale\u017cy myc po ka\u017cdym posi\u0142ku<\/li><li>Stosowa\u0107 p\u0142yny do p\u0142ukania jamy ustej<\/li><li>U\u017cywa\u0107 szczoteczek ortodontycznych przeznaczonych dla pacjent\u00f3w z aparatami.<\/li><li>Zwraca\u0107 uwag\u0119 na dok\u0142adne szczotkowanie na linii dzi\u0105se\u0142 , stycznej z\u0119ba i dzi\u0105s\u0142a u\u017cywaj\u0105c mi\u0119kkich szczoteczek ortodontycznych. Bardzo pomocne w utrzymaniu higieny u pacjent\u00f3w ortodontycznych s\u0105 irygatory stomatologiczne.<\/li><li>Wskazane jest stosowanie past o zwi\u0119kszonej zawarto\u015bci fluoru<\/li><li>Stosowanie wosku ochronnego na dra\u017cni\u0105ce elementy konstrukcji aparatu, w przypadku podra\u017cnienia b\u0142on \u015bluzowych.<\/li><\/ul><p>\u00a0<\/p><p>Leczenie ortodontyczne nie koliduje i nie zwalnia pacjent\u00f3w w przeprowadzaniu zabieg\u00f3w higieniczno\u2013profilaktycznych co 6 miesi\u0119cy. Brak wsp\u00f3\u0142pracy z lekarzem prowadz\u0105cym, niedostateczne higiena jamy ustnej mog\u0105 by\u0107 wskazaniem do przerwania leczenia i zdj\u0119cia aparatu ortodontycznego.<\/p><\/div>\n\t\t\t\t<\/div>\n\t\t\t\t<\/div>\n\t\t\t\t\t\t<\/div>\n\t\t\t\t\t<\/div>\n\t\t<\/div>\n\t\t\t\t\t\t\t\t<\/div>\n\t\t\t\t\t<\/div>\n\t\t<\/section>\n\t\t\t\t\t\t<\/div>\n\t\t\t\t\t\t<\/div>\n\t\t\t\t\t<\/div>\n\t\t","protected":false},"excerpt":{"rendered":"<p>ZALECENIA HIGIENICZNE Aparaty ortodontyczne nie powoduj\u0105 pr\u00f3chnicy ,s\u0105 jednak poprzez swoja budow\u0119: zamki, druty, \u015bruby, pier\u015bcienie miejscem dodatkowej retencji resztek pokarmu i p\u0142ytki naz\u0119bnej. Nieprawid\u0142owa higiena mo\u017ce powodowa\u0107 wi\u0119ksze ryzyko pr\u00f3chnicy i odwapnie\u0144. Charakterystyczne s\u0105 bia\u0142e plamy w kszta\u0142cie p\u00f3\u0142ksi\u0119\u017cyca powstaj\u0105ce pomi\u0119dzy lini\u0105 dzi\u0105s\u0142a a zamkiem ortodontycznym, a tak\u017ce kumulacja nieusuwanej p\u0142ytki naz\u0119bnej prowadzi do&hellip;<\/p>\n","protected":false},"author":2,"featured_media":0,"parent":0,"menu_order":0,"comment_status":"closed","ping_status":"closed","template":"","meta":[],"yoast_head":"<!-- This site is optimized with the Yoast SEO plugin v15.0 - https:\/\/yoast.com\/wordpress\/plugins\/seo\/ -->\n<title>ZALECENIA HIGIENICZNE | Gabinet ortodontyczno-stomatologiczny<\/title>\n<meta name=\"description\" content=\"Gabinet ortodontyczno-stomatologiczny urszula andrzej \u015bwider ortodonta dentysta ortodoncja stomatologia tenczynek krzeszowice\" \/>\n<meta name=\"robots\" content=\"index, follow, max-snippet:-1, max-image-preview:large, max-video-preview:-1\" \/>\n<meta property=\"og:locale\" content=\"pl_PL\" \/>\n<meta property=\"og:type\" content=\"article\" \/>\n<meta property=\"og:title\" content=\"ZALECENIA HIGIENICZNE | Gabinet ortodontyczno-stomatologiczny\" \/>\n<meta property=\"og:description\" content=\"Gabinet ortodontyczno-stomatologiczny urszula andrzej \u015bwider ortodonta dentysta ortodoncja stomatologia tenczynek krzeszowice\" \/>\n<meta property=\"og:url\" content=\"http:\/\/uaswider.pl\/index.php\/zalecenia-higieniczne\/\" \/>\n<meta property=\"og:site_name\" content=\"Gabinet ortodontyczno-stomatologiczny\" \/>\n<meta property=\"article:modified_time\" content=\"2020-10-14T10:50:28+00:00\" \/>\n<meta name=\"twitter:card\" content=\"summary_large_image\" \/>\n<script type=\"application\/ld+json\" class=\"yoast-schema-graph\">{\"@context\":\"https:\/\/schema.org\",\"@graph\":[{\"@type\":\"Organization\",\"@id\":\"https:\/\/uaswider.pl\/#organization\",\"name\":\"Gabinet ortodoncyjno-stomatologiczny - Urszula i Andrzej \\u015awider\",\"url\":\"https:\/\/uaswider.pl\/\",\"sameAs\":[],\"logo\":{\"@type\":\"ImageObject\",\"@id\":\"https:\/\/uaswider.pl\/#logo\",\"inLanguage\":\"pl-PL\",\"url\":\"https:\/\/uaswider.pl\/wp-content\/uploads\/2020\/09\/logo.png\",\"width\":800,\"height\":800,\"caption\":\"Gabinet ortodoncyjno-stomatologiczny - Urszula i Andrzej \\u015awider\"},\"image\":{\"@id\":\"https:\/\/uaswider.pl\/#logo\"}},{\"@type\":\"WebSite\",\"@id\":\"https:\/\/uaswider.pl\/#website\",\"url\":\"https:\/\/uaswider.pl\/\",\"name\":\"Gabinet ortodontyczno-stomatologiczny\",\"description\":\"Urszula i Andrzej \\u015awider\",\"publisher\":{\"@id\":\"https:\/\/uaswider.pl\/#organization\"},\"potentialAction\":[{\"@type\":\"SearchAction\",\"target\":\"https:\/\/uaswider.pl\/?s={search_term_string}\",\"query-input\":\"required name=search_term_string\"}],\"inLanguage\":\"pl-PL\"},{\"@type\":\"WebPage\",\"@id\":\"http:\/\/uaswider.pl\/index.php\/zalecenia-higieniczne\/#webpage\",\"url\":\"http:\/\/uaswider.pl\/index.php\/zalecenia-higieniczne\/\",\"name\":\"ZALECENIA HIGIENICZNE | Gabinet ortodontyczno-stomatologiczny\",\"isPartOf\":{\"@id\":\"https:\/\/uaswider.pl\/#website\"},\"datePublished\":\"2020-10-14T10:49:16+00:00\",\"dateModified\":\"2020-10-14T10:50:28+00:00\",\"description\":\"Gabinet ortodontyczno-stomatologiczny urszula andrzej \\u015bwider ortodonta dentysta ortodoncja stomatologia tenczynek krzeszowice\",\"inLanguage\":\"pl-PL\",\"potentialAction\":[{\"@type\":\"ReadAction\",\"target\":[\"http:\/\/uaswider.pl\/index.php\/zalecenia-higieniczne\/\"]}]}]}<\/script>\n<!-- \/ Yoast SEO plugin. -->","_links":{"self":[{"href":"https:\/\/uaswider.pl\/index.php\/wp-json\/wp\/v2\/pages\/313"}],"collection":[{"href":"https:\/\/uaswider.pl\/index.php\/wp-json\/wp\/v2\/pages"}],"about":[{"href":"https:\/\/uaswider.pl\/index.php\/wp-json\/wp\/v2\/types\/page"}],"author":[{"embeddable":true,"href":"https:\/\/uaswider.pl\/index.php\/wp-json\/wp\/v2\/users\/2"}],"replies":[{"embeddable":true,"href":"https:\/\/uaswider.pl\/index.php\/wp-json\/wp\/v2\/comments?post=313"}],"version-history":[{"count":3,"href":"https:\/\/uaswider.pl\/index.php\/wp-json\/wp\/v2\/pages\/313\/revisions"}],"predecessor-version":[{"id":316,"href":"https:\/\/uaswider.pl\/index.php\/wp-json\/wp\/v2\/pages\/313\/revisions\/316"}],"wp:attachment":[{"href":"https:\/\/uaswider.pl\/index.php\/wp-json\/wp\/v2\/media?parent=313"}],"curies":[{"name":"wp","href":"https:\/\/api.w.org\/{rel}","templated":true}]}}