{"id":292,"date":"2020-10-05T13:47:05","date_gmt":"2020-10-05T11:47:05","guid":{"rendered":"http:\/\/uaswider.pl\/?page_id=292"},"modified":"2020-10-14T13:49:47","modified_gmt":"2020-10-14T11:49:47","slug":"ortodoncja","status":"publish","type":"page","link":"https:\/\/uaswider.pl\/index.php\/ortodoncja\/","title":{"rendered":"ORTODONCJA"},"content":{"rendered":"\t\t<div data-elementor-type=\"wp-page\" data-elementor-id=\"292\" class=\"elementor elementor-292\" data-elementor-settings=\"[]\">\n\t\t\t\t\t\t<div class=\"elementor-inner\">\n\t\t\t\t\t\t\t<div class=\"elementor-section-wrap\">\n\t\t\t\t\t\t\t<section class=\"elementor-section elementor-top-section elementor-element elementor-element-c75227c elementor-section-boxed elementor-section-height-default elementor-section-height-default\" data-id=\"c75227c\" data-element_type=\"section\">\n\t\t\t\t\t\t<div class=\"elementor-container elementor-column-gap-default\">\n\t\t\t\t\t\t\t<div class=\"elementor-row\">\n\t\t\t\t\t<div class=\"elementor-column elementor-col-100 elementor-top-column elementor-element elementor-element-80f2d0a\" data-id=\"80f2d0a\" data-element_type=\"column\">\n\t\t\t<div class=\"elementor-column-wrap elementor-element-populated\">\n\t\t\t\t\t\t\t<div class=\"elementor-widget-wrap\">\n\t\t\t\t\t\t<div class=\"elementor-element elementor-element-1031f4a elementor-widget elementor-widget-heading\" data-id=\"1031f4a\" data-element_type=\"widget\" data-widget_type=\"heading.default\">\n\t\t\t\t<div class=\"elementor-widget-container\">\n\t\t\t<h1 class=\"elementor-heading-title elementor-size-default\">ORTODONCJA<\/h1>\t\t<\/div>\n\t\t\t\t<\/div>\n\t\t\t\t\t\t<\/div>\n\t\t\t\t\t<\/div>\n\t\t<\/div>\n\t\t\t\t\t\t\t\t<\/div>\n\t\t\t\t\t<\/div>\n\t\t<\/section>\n\t\t\t\t<section class=\"elementor-section elementor-top-section elementor-element elementor-element-6427cf88 elementor-section-boxed elementor-section-height-default elementor-section-height-default\" data-id=\"6427cf88\" data-element_type=\"section\">\n\t\t\t\t\t\t<div class=\"elementor-container elementor-column-gap-default\">\n\t\t\t\t\t\t\t<div class=\"elementor-row\">\n\t\t\t\t\t<div class=\"elementor-column elementor-col-100 elementor-top-column elementor-element elementor-element-4a79180e\" data-id=\"4a79180e\" data-element_type=\"column\">\n\t\t\t<div class=\"elementor-column-wrap elementor-element-populated\">\n\t\t\t\t\t\t\t<div class=\"elementor-widget-wrap\">\n\t\t\t\t\t\t<div class=\"elementor-element elementor-element-1251193e elementor-widget elementor-widget-text-editor\" data-id=\"1251193e\" data-element_type=\"widget\" data-widget_type=\"text-editor.default\">\n\t\t\t\t<div class=\"elementor-widget-container\">\n\t\t\t\t\t<div class=\"elementor-text-editor elementor-clearfix\"><!-- wp:paragraph -->\n<p>Leczenie ortodontyczne mo\u017ce by\u0107 przeprowadzane zar\u00f3wno u dzieci jak i doros\u0142ych. Ortodoncja to nie tylko pi\u0119kny u\u015bmiech lecz tak\u017ce konieczno\u015b\u0107 przeprowadzenia leczenia ze wzgl\u0119d\u00f3w zdrowotnych w celu poprawienia funkcji narz\u0105du \u017cucia. S\u0142u\u017cy nie tylko do korekty zgryzu u pacjenta, nieprawid\u0142owo\u015bci w uz\u0119bieniu, lecz tak\u017ce mo\u017ce by\u0107 pierwszym etapem do dalszego leczenia period ontycznego, protetycznego czy implantologicznego. Metoda leczenia ortodontycznego zale\u017cy od stopnia nasilenia wady i wieku pacjenta. U dzieci w wieku przedszkolnym i szkolnym w wi\u0119kszo\u015bci przypadk\u00f3w stosowane s\u0105 \u0107wiczenia oraz<br \/>proste aparaty ruchome . Ten spos\u00f3b leczenia mo\u017ce w przysz\u0142o\u015bci ograniczy\u0107 potrzeb\u0119 leczenia za pomoc\u0105 aparat\u00f3w sta\u0142ych a nawet skr\u00f3ci\u0107 czas leczenia. U m\u0142odzie\u017cy oraz pacjent\u00f3w doros\u0142ych zwykle prowadzone jest leczenie przy pomocy aparat\u00f3w sta\u0142ych<\/p>\n<!-- \/wp:paragraph --><\/div>\n\t\t\t\t<\/div>\n\t\t\t\t<\/div>\n\t\t\t\t\t\t<\/div>\n\t\t\t\t\t<\/div>\n\t\t<\/div>\n\t\t\t\t\t\t\t\t<\/div>\n\t\t\t\t\t<\/div>\n\t\t<\/section>\n\t\t\t\t\t\t<\/div>\n\t\t\t\t\t\t<\/div>\n\t\t\t\t\t<\/div>\n\t\t","protected":false},"excerpt":{"rendered":"<p>ORTODONCJA Leczenie ortodontyczne mo\u017ce by\u0107 przeprowadzane zar\u00f3wno u dzieci jak i doros\u0142ych. Ortodoncja to nie tylko pi\u0119kny u\u015bmiech lecz tak\u017ce konieczno\u015b\u0107 przeprowadzenia leczenia ze wzgl\u0119d\u00f3w zdrowotnych w celu poprawienia funkcji narz\u0105du \u017cucia. S\u0142u\u017cy nie tylko do korekty zgryzu u pacjenta, nieprawid\u0142owo\u015bci w uz\u0119bieniu, lecz tak\u017ce mo\u017ce by\u0107 pierwszym etapem do dalszego leczenia period ontycznego, protetycznego&hellip;<\/p>\n","protected":false},"author":2,"featured_media":0,"parent":0,"menu_order":0,"comment_status":"closed","ping_status":"closed","template":"","meta":[],"yoast_head":"<!-- This site is optimized with the Yoast SEO plugin v15.0 - https:\/\/yoast.com\/wordpress\/plugins\/seo\/ -->\n<title>ORTODONCJA | Gabinet ortodontyczno-stomatologiczny<\/title>\n<meta name=\"description\" content=\"Leczenie ortodontyczne mo\u017ce by\u0107 przeprowadzane zar\u00f3wno u dzieci jak i doros\u0142ych. Ortodoncja to nie tylko pi\u0119kny u\u015bmiech lecz tak\u017ce konieczno\u015b\u0107 przeprowadzenia leczenia ze wzgl\u0119d\u00f3w zdrowotnych w celu poprawienia funkcji narz\u0105du \u017cucia.\" \/>\n<meta name=\"robots\" content=\"index, follow, max-snippet:-1, max-image-preview:large, max-video-preview:-1\" \/>\n<meta property=\"og:locale\" content=\"pl_PL\" \/>\n<meta property=\"og:type\" content=\"article\" \/>\n<meta property=\"og:title\" content=\"ORTODONCJA | Gabinet ortodontyczno-stomatologiczny\" \/>\n<meta property=\"og:description\" content=\"Leczenie ortodontyczne mo\u017ce by\u0107 przeprowadzane zar\u00f3wno u dzieci jak i doros\u0142ych. Ortodoncja to nie tylko pi\u0119kny u\u015bmiech lecz tak\u017ce konieczno\u015b\u0107 przeprowadzenia leczenia ze wzgl\u0119d\u00f3w zdrowotnych w celu poprawienia funkcji narz\u0105du \u017cucia.\" \/>\n<meta property=\"og:url\" content=\"http:\/\/uaswider.pl\/index.php\/ortodoncja\/\" \/>\n<meta property=\"og:site_name\" content=\"Gabinet ortodontyczno-stomatologiczny\" \/>\n<meta property=\"article:modified_time\" content=\"2020-10-14T11:49:47+00:00\" \/>\n<meta name=\"twitter:card\" content=\"summary_large_image\" \/>\n<script type=\"application\/ld+json\" class=\"yoast-schema-graph\">{\"@context\":\"https:\/\/schema.org\",\"@graph\":[{\"@type\":\"Organization\",\"@id\":\"https:\/\/uaswider.pl\/#organization\",\"name\":\"Gabinet ortodoncyjno-stomatologiczny - Urszula i Andrzej \\u015awider\",\"url\":\"https:\/\/uaswider.pl\/\",\"sameAs\":[],\"logo\":{\"@type\":\"ImageObject\",\"@id\":\"https:\/\/uaswider.pl\/#logo\",\"inLanguage\":\"pl-PL\",\"url\":\"https:\/\/uaswider.pl\/wp-content\/uploads\/2020\/09\/logo.png\",\"width\":800,\"height\":800,\"caption\":\"Gabinet ortodoncyjno-stomatologiczny - Urszula i Andrzej \\u015awider\"},\"image\":{\"@id\":\"https:\/\/uaswider.pl\/#logo\"}},{\"@type\":\"WebSite\",\"@id\":\"https:\/\/uaswider.pl\/#website\",\"url\":\"https:\/\/uaswider.pl\/\",\"name\":\"Gabinet ortodontyczno-stomatologiczny\",\"description\":\"Urszula i Andrzej \\u015awider\",\"publisher\":{\"@id\":\"https:\/\/uaswider.pl\/#organization\"},\"potentialAction\":[{\"@type\":\"SearchAction\",\"target\":\"https:\/\/uaswider.pl\/?s={search_term_string}\",\"query-input\":\"required name=search_term_string\"}],\"inLanguage\":\"pl-PL\"},{\"@type\":\"WebPage\",\"@id\":\"http:\/\/uaswider.pl\/index.php\/ortodoncja\/#webpage\",\"url\":\"http:\/\/uaswider.pl\/index.php\/ortodoncja\/\",\"name\":\"ORTODONCJA | Gabinet ortodontyczno-stomatologiczny\",\"isPartOf\":{\"@id\":\"https:\/\/uaswider.pl\/#website\"},\"datePublished\":\"2020-10-05T11:47:05+00:00\",\"dateModified\":\"2020-10-14T11:49:47+00:00\",\"description\":\"Leczenie ortodontyczne mo\\u017ce by\\u0107 przeprowadzane zar\\u00f3wno u dzieci jak i doros\\u0142ych. Ortodoncja to nie tylko pi\\u0119kny u\\u015bmiech lecz tak\\u017ce konieczno\\u015b\\u0107 przeprowadzenia leczenia ze wzgl\\u0119d\\u00f3w zdrowotnych w celu poprawienia funkcji narz\\u0105du \\u017cucia.\",\"inLanguage\":\"pl-PL\",\"potentialAction\":[{\"@type\":\"ReadAction\",\"target\":[\"http:\/\/uaswider.pl\/index.php\/ortodoncja\/\"]}]}]}<\/script>\n<!-- \/ Yoast SEO plugin. -->","_links":{"self":[{"href":"https:\/\/uaswider.pl\/index.php\/wp-json\/wp\/v2\/pages\/292"}],"collection":[{"href":"https:\/\/uaswider.pl\/index.php\/wp-json\/wp\/v2\/pages"}],"about":[{"href":"https:\/\/uaswider.pl\/index.php\/wp-json\/wp\/v2\/types\/page"}],"author":[{"embeddable":true,"href":"https:\/\/uaswider.pl\/index.php\/wp-json\/wp\/v2\/users\/2"}],"replies":[{"embeddable":true,"href":"https:\/\/uaswider.pl\/index.php\/wp-json\/wp\/v2\/comments?post=292"}],"version-history":[{"count":7,"href":"https:\/\/uaswider.pl\/index.php\/wp-json\/wp\/v2\/pages\/292\/revisions"}],"predecessor-version":[{"id":340,"href":"https:\/\/uaswider.pl\/index.php\/wp-json\/wp\/v2\/pages\/292\/revisions\/340"}],"wp:attachment":[{"href":"https:\/\/uaswider.pl\/index.php\/wp-json\/wp\/v2\/media?parent=292"}],"curies":[{"name":"wp","href":"https:\/\/api.w.org\/{rel}","templated":true}]}}