{"id":248,"date":"2020-09-28T12:21:56","date_gmt":"2020-09-28T10:21:56","guid":{"rendered":"http:\/\/uaswider.pl\/?page_id=248"},"modified":"2020-11-01T12:30:35","modified_gmt":"2020-11-01T11:30:35","slug":"o-nas","status":"publish","type":"page","link":"https:\/\/uaswider.pl\/index.php\/o-nas\/","title":{"rendered":"O NAS"},"content":{"rendered":"\t\t<div data-elementor-type=\"wp-page\" data-elementor-id=\"248\" class=\"elementor elementor-248\" data-elementor-settings=\"[]\">\n\t\t\t\t\t\t<div class=\"elementor-inner\">\n\t\t\t\t\t\t\t<div class=\"elementor-section-wrap\">\n\t\t\t\t\t\t\t<section class=\"elementor-section elementor-top-section elementor-element elementor-element-c110dab elementor-section-boxed elementor-section-height-default elementor-section-height-default\" data-id=\"c110dab\" data-element_type=\"section\">\n\t\t\t\t\t\t<div class=\"elementor-container elementor-column-gap-default\">\n\t\t\t\t\t\t\t<div class=\"elementor-row\">\n\t\t\t\t\t<div class=\"elementor-column elementor-col-100 elementor-top-column elementor-element elementor-element-2d455f0\" data-id=\"2d455f0\" data-element_type=\"column\">\n\t\t\t<div class=\"elementor-column-wrap elementor-element-populated\">\n\t\t\t\t\t\t\t<div class=\"elementor-widget-wrap\">\n\t\t\t\t\t\t<div class=\"elementor-element elementor-element-089431c elementor-widget elementor-widget-heading\" data-id=\"089431c\" data-element_type=\"widget\" data-widget_type=\"heading.default\">\n\t\t\t\t<div class=\"elementor-widget-container\">\n\t\t\t<h1 class=\"elementor-heading-title elementor-size-default\">O NAS<\/h1>\t\t<\/div>\n\t\t\t\t<\/div>\n\t\t\t\t<div class=\"elementor-element elementor-element-3a61b88 elementor-widget elementor-widget-spacer\" data-id=\"3a61b88\" data-element_type=\"widget\" data-widget_type=\"spacer.default\">\n\t\t\t\t<div class=\"elementor-widget-container\">\n\t\t\t\t\t<div class=\"elementor-spacer\">\n\t\t\t<div class=\"elementor-spacer-inner\"><\/div>\n\t\t<\/div>\n\t\t\t\t<\/div>\n\t\t\t\t<\/div>\n\t\t\t\t\t\t<\/div>\n\t\t\t\t\t<\/div>\n\t\t<\/div>\n\t\t\t\t\t\t\t\t<\/div>\n\t\t\t\t\t<\/div>\n\t\t<\/section>\n\t\t\t\t<section class=\"elementor-section elementor-top-section elementor-element elementor-element-845c654 elementor-section-boxed elementor-section-height-default elementor-section-height-default\" data-id=\"845c654\" data-element_type=\"section\">\n\t\t\t\t\t\t<div class=\"elementor-container elementor-column-gap-default\">\n\t\t\t\t\t\t\t<div class=\"elementor-row\">\n\t\t\t\t\t<div class=\"elementor-column elementor-col-100 elementor-top-column elementor-element elementor-element-1a3b689\" data-id=\"1a3b689\" data-element_type=\"column\">\n\t\t\t<div class=\"elementor-column-wrap elementor-element-populated\">\n\t\t\t\t\t\t\t<div class=\"elementor-widget-wrap\">\n\t\t\t\t\t\t<div class=\"elementor-element elementor-element-b356c20 elementor-widget elementor-widget-heading\" data-id=\"b356c20\" data-element_type=\"widget\" data-widget_type=\"heading.default\">\n\t\t\t\t<div class=\"elementor-widget-container\">\n\t\t\t<h3 class=\"elementor-heading-title elementor-size-default\">URSZULA \u015aWIDER<\/h3>\t\t<\/div>\n\t\t\t\t<\/div>\n\t\t\t\t<div class=\"elementor-element elementor-element-fc61266 elementor-widget elementor-widget-text-editor\" data-id=\"fc61266\" data-element_type=\"widget\" data-widget_type=\"text-editor.default\">\n\t\t\t\t<div class=\"elementor-widget-container\">\n\t\t\t\t\t<div class=\"elementor-text-editor elementor-clearfix\"><p>Jestem w\u0142a\u015bcicielem i lekarzem prowadz\u0105cym NZOZ Stomatologia, kt\u00f3rym kieruje od 20 lat, uko\u0144czy\u0142am Collegium Medicum na Uniwersytecie Jagiello\u0144skim, uzyskuj\u0105c tytu\u0142 lekarza stomatologa w 1996 roku.<\/p>\n<p>Posiadam I stopie\u0144 specjalizacji z zakresu stomatologii zachowawczej, a w 2018 roku uko\u0144czy\u0142am trzyletnie studia podyplomowe z ortodoncji na Uniwersytecie w Sienie we W\u0142oszech.<\/p>\n<p>Staramy zapewni\u0107 naszym pacjentom kompleksowe us\u0142ugi, oferuj\u0105c leczenie ortodontyczne i og\u00f3lnostomatologiczne, k\u0142adziemy r\u00f3wnie\u017c nacisk na problemy higieny, gdy\u017c uwa\u017camy \u017ce lepiej zapobiega\u0107 ni\u017c leczy\u0107.<\/p>\n<p>Swoj\u0105 wiedze&nbsp; w zakresie ortodoncji i stomatologii pog\u0142\u0119bia\u0142am na licznych&nbsp;<span style=\"color: var( --e-global-color-text ); font-family: var( --e-global-typography-text-font-family ); font-weight: var( --e-global-typography-text-font-weight ); letter-spacing: 0px;\">kursach, zar\u00f3wno w Polsce, jak i zagranic\u0105.<\/span><\/p>\n<div>&nbsp;<\/div><\/div>\n\t\t\t\t<\/div>\n\t\t\t\t<\/div>\n\t\t\t\t\t\t<\/div>\n\t\t\t\t\t<\/div>\n\t\t<\/div>\n\t\t\t\t\t\t\t\t<\/div>\n\t\t\t\t\t<\/div>\n\t\t<\/section>\n\t\t\t\t<section class=\"elementor-section elementor-top-section elementor-element elementor-element-56a8b87 elementor-section-boxed elementor-section-height-default elementor-section-height-default\" data-id=\"56a8b87\" data-element_type=\"section\">\n\t\t\t\t\t\t<div class=\"elementor-container elementor-column-gap-default\">\n\t\t\t\t\t\t\t<div class=\"elementor-row\">\n\t\t\t\t\t<div class=\"elementor-column elementor-col-50 elementor-top-column elementor-element elementor-element-68da38a\" data-id=\"68da38a\" data-element_type=\"column\">\n\t\t\t<div class=\"elementor-column-wrap elementor-element-populated\">\n\t\t\t\t\t\t\t<div class=\"elementor-widget-wrap\">\n\t\t\t\t\t\t<div class=\"elementor-element elementor-element-ca27415 elementor-widget elementor-widget-image\" data-id=\"ca27415\" data-element_type=\"widget\" data-widget_type=\"image.default\">\n\t\t\t\t<div class=\"elementor-widget-container\">\n\t\t\t\t\t<div class=\"elementor-image\">\n\t\t\t\t\t\t\t\t\t\t\t<a href=\"http:\/\/uaswider.pl\/wp-content\/uploads\/2020\/10\/DEST500059-scaled.jpg\" data-elementor-open-lightbox=\"yes\" data-elementor-lightbox-title=\"DEST500059\">\n\t\t\t\t\t\t\t<img width=\"1536\" height=\"1232\" src=\"https:\/\/uaswider.pl\/wp-content\/uploads\/2020\/10\/DEST500059-1536x1232.jpg\" class=\"attachment-1536x1536 size-1536x1536\" alt=\"\" loading=\"lazy\" srcset=\"https:\/\/uaswider.pl\/wp-content\/uploads\/2020\/10\/DEST500059-1536x1232.jpg 1536w, https:\/\/uaswider.pl\/wp-content\/uploads\/2020\/10\/DEST500059-300x241.jpg 300w, https:\/\/uaswider.pl\/wp-content\/uploads\/2020\/10\/DEST500059-1024x821.jpg 1024w, https:\/\/uaswider.pl\/wp-content\/uploads\/2020\/10\/DEST500059-768x616.jpg 768w, https:\/\/uaswider.pl\/wp-content\/uploads\/2020\/10\/DEST500059-2048x1643.jpg 2048w\" sizes=\"(max-width: 1536px) 100vw, 1536px\" \/>\t\t\t\t\t\t\t\t<\/a>\n\t\t\t\t\t\t\t\t\t\t\t<\/div>\n\t\t\t\t<\/div>\n\t\t\t\t<\/div>\n\t\t\t\t\t\t<\/div>\n\t\t\t\t\t<\/div>\n\t\t<\/div>\n\t\t\t\t<div class=\"elementor-column elementor-col-50 elementor-top-column elementor-element elementor-element-09c6986\" data-id=\"09c6986\" data-element_type=\"column\">\n\t\t\t<div class=\"elementor-column-wrap elementor-element-populated\">\n\t\t\t\t\t\t\t<div class=\"elementor-widget-wrap\">\n\t\t\t\t\t\t<div class=\"elementor-element elementor-element-4461b0d elementor-widget elementor-widget-image\" data-id=\"4461b0d\" data-element_type=\"widget\" data-widget_type=\"image.default\">\n\t\t\t\t<div class=\"elementor-widget-container\">\n\t\t\t\t\t<div class=\"elementor-image\">\n\t\t\t\t\t\t\t\t\t\t\t<a href=\"http:\/\/uaswider.pl\/wp-content\/uploads\/2020\/10\/d.png\" data-elementor-open-lightbox=\"yes\" data-elementor-lightbox-title=\"d\">\n\t\t\t\t\t\t\t<img width=\"768\" height=\"616\" src=\"https:\/\/uaswider.pl\/wp-content\/uploads\/2020\/10\/d-768x616.png\" class=\"attachment-medium_large size-medium_large\" alt=\"\" loading=\"lazy\" srcset=\"https:\/\/uaswider.pl\/wp-content\/uploads\/2020\/10\/d-768x616.png 768w, https:\/\/uaswider.pl\/wp-content\/uploads\/2020\/10\/d-300x241.png 300w, https:\/\/uaswider.pl\/wp-content\/uploads\/2020\/10\/d-1024x821.png 1024w, https:\/\/uaswider.pl\/wp-content\/uploads\/2020\/10\/d-1536x1232.png 1536w, https:\/\/uaswider.pl\/wp-content\/uploads\/2020\/10\/d-2048x1643.png 2048w\" sizes=\"(max-width: 768px) 100vw, 768px\" \/>\t\t\t\t\t\t\t\t<\/a>\n\t\t\t\t\t\t\t\t\t\t\t<\/div>\n\t\t\t\t<\/div>\n\t\t\t\t<\/div>\n\t\t\t\t\t\t<\/div>\n\t\t\t\t\t<\/div>\n\t\t<\/div>\n\t\t\t\t\t\t\t\t<\/div>\n\t\t\t\t\t<\/div>\n\t\t<\/section>\n\t\t\t\t\t\t<\/div>\n\t\t\t\t\t\t<\/div>\n\t\t\t\t\t<\/div>\n\t\t","protected":false},"excerpt":{"rendered":"<p>O NAS URSZULA \u015aWIDER Jestem w\u0142a\u015bcicielem i lekarzem prowadz\u0105cym NZOZ Stomatologia, kt\u00f3rym kieruje od 20 lat, uko\u0144czy\u0142am Collegium Medicum na Uniwersytecie Jagiello\u0144skim, uzyskuj\u0105c tytu\u0142 lekarza stomatologa w 1996 roku. Posiadam I stopie\u0144 specjalizacji z zakresu stomatologii zachowawczej, a w 2018 roku uko\u0144czy\u0142am trzyletnie studia podyplomowe z ortodoncji na Uniwersytecie w Sienie we W\u0142oszech. Staramy zapewni\u0107&hellip;<\/p>\n","protected":false},"author":2,"featured_media":0,"parent":0,"menu_order":0,"comment_status":"closed","ping_status":"closed","template":"","meta":[],"yoast_head":"<!-- This site is optimized with the Yoast SEO plugin v15.0 - https:\/\/yoast.com\/wordpress\/plugins\/seo\/ -->\n<title>O NAS | Gabinet ortodontyczno-stomatologiczny<\/title>\n<meta name=\"description\" content=\"Gabinet ortodontyczno-stomatologiczny urszula andrzej \u015bwider ortodonta dentysta ortodoncja stomatologia tenczynek krzeszowice\" \/>\n<meta name=\"robots\" content=\"index, follow, max-snippet:-1, max-image-preview:large, max-video-preview:-1\" \/>\n<meta property=\"og:locale\" content=\"pl_PL\" \/>\n<meta property=\"og:type\" content=\"article\" \/>\n<meta property=\"og:title\" content=\"O NAS | Gabinet ortodontyczno-stomatologiczny\" \/>\n<meta property=\"og:description\" content=\"Gabinet ortodontyczno-stomatologiczny urszula andrzej \u015bwider ortodonta dentysta ortodoncja stomatologia tenczynek krzeszowice\" \/>\n<meta property=\"og:url\" content=\"http:\/\/uaswider.pl\/index.php\/o-nas\/\" \/>\n<meta property=\"og:site_name\" content=\"Gabinet ortodontyczno-stomatologiczny\" \/>\n<meta property=\"article:modified_time\" content=\"2020-11-01T11:30:35+00:00\" \/>\n<meta property=\"og:image\" content=\"http:\/\/uaswider.pl\/wp-content\/uploads\/2020\/10\/DEST500059-1536x1232.jpg\" \/>\n<meta name=\"twitter:card\" content=\"summary_large_image\" \/>\n<script type=\"application\/ld+json\" class=\"yoast-schema-graph\">{\"@context\":\"https:\/\/schema.org\",\"@graph\":[{\"@type\":\"Organization\",\"@id\":\"https:\/\/uaswider.pl\/#organization\",\"name\":\"Gabinet ortodoncyjno-stomatologiczny - Urszula i Andrzej \\u015awider\",\"url\":\"https:\/\/uaswider.pl\/\",\"sameAs\":[],\"logo\":{\"@type\":\"ImageObject\",\"@id\":\"https:\/\/uaswider.pl\/#logo\",\"inLanguage\":\"pl-PL\",\"url\":\"https:\/\/uaswider.pl\/wp-content\/uploads\/2020\/09\/logo.png\",\"width\":800,\"height\":800,\"caption\":\"Gabinet ortodoncyjno-stomatologiczny - Urszula i Andrzej \\u015awider\"},\"image\":{\"@id\":\"https:\/\/uaswider.pl\/#logo\"}},{\"@type\":\"WebSite\",\"@id\":\"https:\/\/uaswider.pl\/#website\",\"url\":\"https:\/\/uaswider.pl\/\",\"name\":\"Gabinet ortodontyczno-stomatologiczny\",\"description\":\"Urszula i Andrzej \\u015awider\",\"publisher\":{\"@id\":\"https:\/\/uaswider.pl\/#organization\"},\"potentialAction\":[{\"@type\":\"SearchAction\",\"target\":\"https:\/\/uaswider.pl\/?s={search_term_string}\",\"query-input\":\"required name=search_term_string\"}],\"inLanguage\":\"pl-PL\"},{\"@type\":\"ImageObject\",\"@id\":\"http:\/\/uaswider.pl\/index.php\/o-nas\/#primaryimage\",\"inLanguage\":\"pl-PL\",\"url\":\"http:\/\/uaswider.pl\/wp-content\/uploads\/2020\/10\/DEST500059-1536x1232.jpg\"},{\"@type\":\"WebPage\",\"@id\":\"http:\/\/uaswider.pl\/index.php\/o-nas\/#webpage\",\"url\":\"http:\/\/uaswider.pl\/index.php\/o-nas\/\",\"name\":\"O NAS | Gabinet ortodontyczno-stomatologiczny\",\"isPartOf\":{\"@id\":\"https:\/\/uaswider.pl\/#website\"},\"primaryImageOfPage\":{\"@id\":\"http:\/\/uaswider.pl\/index.php\/o-nas\/#primaryimage\"},\"datePublished\":\"2020-09-28T10:21:56+00:00\",\"dateModified\":\"2020-11-01T11:30:35+00:00\",\"description\":\"Gabinet ortodontyczno-stomatologiczny urszula andrzej \\u015bwider ortodonta dentysta ortodoncja stomatologia tenczynek krzeszowice\",\"inLanguage\":\"pl-PL\",\"potentialAction\":[{\"@type\":\"ReadAction\",\"target\":[\"http:\/\/uaswider.pl\/index.php\/o-nas\/\"]}]}]}<\/script>\n<!-- \/ Yoast SEO plugin. -->","_links":{"self":[{"href":"https:\/\/uaswider.pl\/index.php\/wp-json\/wp\/v2\/pages\/248"}],"collection":[{"href":"https:\/\/uaswider.pl\/index.php\/wp-json\/wp\/v2\/pages"}],"about":[{"href":"https:\/\/uaswider.pl\/index.php\/wp-json\/wp\/v2\/types\/page"}],"author":[{"embeddable":true,"href":"https:\/\/uaswider.pl\/index.php\/wp-json\/wp\/v2\/users\/2"}],"replies":[{"embeddable":true,"href":"https:\/\/uaswider.pl\/index.php\/wp-json\/wp\/v2\/comments?post=248"}],"version-history":[{"count":8,"href":"https:\/\/uaswider.pl\/index.php\/wp-json\/wp\/v2\/pages\/248\/revisions"}],"predecessor-version":[{"id":377,"href":"https:\/\/uaswider.pl\/index.php\/wp-json\/wp\/v2\/pages\/248\/revisions\/377"}],"wp:attachment":[{"href":"https:\/\/uaswider.pl\/index.php\/wp-json\/wp\/v2\/media?parent=248"}],"curies":[{"name":"wp","href":"https:\/\/api.w.org\/{rel}","templated":true}]}}