{"id":227,"date":"2020-09-28T11:47:01","date_gmt":"2020-09-28T09:47:01","guid":{"rendered":"http:\/\/uaswider.pl\/?page_id=227"},"modified":"2020-09-28T12:28:52","modified_gmt":"2020-09-28T10:28:52","slug":"covid-19","status":"publish","type":"page","link":"https:\/\/uaswider.pl\/index.php\/covid-19\/","title":{"rendered":"COVID-19"},"content":{"rendered":"\t\t<div data-elementor-type=\"wp-page\" data-elementor-id=\"227\" class=\"elementor elementor-227\" data-elementor-settings=\"[]\">\n\t\t\t\t\t\t<div class=\"elementor-inner\">\n\t\t\t\t\t\t\t<div class=\"elementor-section-wrap\">\n\t\t\t\t\t\t\t<section class=\"elementor-section elementor-top-section elementor-element elementor-element-cd25843 elementor-section-boxed elementor-section-height-default elementor-section-height-default\" data-id=\"cd25843\" data-element_type=\"section\">\n\t\t\t\t\t\t<div class=\"elementor-container elementor-column-gap-default\">\n\t\t\t\t\t\t\t<div class=\"elementor-row\">\n\t\t\t\t\t<div class=\"elementor-column elementor-col-100 elementor-top-column elementor-element elementor-element-5e15334\" data-id=\"5e15334\" data-element_type=\"column\">\n\t\t\t<div class=\"elementor-column-wrap elementor-element-populated\">\n\t\t\t\t\t\t\t<div class=\"elementor-widget-wrap\">\n\t\t\t\t\t\t<div class=\"elementor-element elementor-element-4aa3f3b elementor-widget elementor-widget-heading\" data-id=\"4aa3f3b\" data-element_type=\"widget\" data-widget_type=\"heading.default\">\n\t\t\t\t<div class=\"elementor-widget-container\">\n\t\t\t<h1 class=\"elementor-heading-title elementor-size-default\">ZASADY PRZYJMOWANIA PACJENT\u00d3W W TRAKCIE PANDEMII COVID-19<\/h1>\t\t<\/div>\n\t\t\t\t<\/div>\n\t\t\t\t\t\t<\/div>\n\t\t\t\t\t<\/div>\n\t\t<\/div>\n\t\t\t\t\t\t\t\t<\/div>\n\t\t\t\t\t<\/div>\n\t\t<\/section>\n\t\t\t\t<section class=\"elementor-section elementor-top-section elementor-element elementor-element-b92d155 elementor-section-boxed elementor-section-height-default elementor-section-height-default\" data-id=\"b92d155\" data-element_type=\"section\">\n\t\t\t\t\t\t<div class=\"elementor-container elementor-column-gap-default\">\n\t\t\t\t\t\t\t<div class=\"elementor-row\">\n\t\t\t\t\t<div class=\"elementor-column elementor-col-100 elementor-top-column elementor-element elementor-element-568aef4\" data-id=\"568aef4\" data-element_type=\"column\">\n\t\t\t<div class=\"elementor-column-wrap elementor-element-populated\">\n\t\t\t\t\t\t\t<div class=\"elementor-widget-wrap\">\n\t\t\t\t\t\t<div class=\"elementor-element elementor-element-cfc08a4 elementor-widget elementor-widget-text-editor\" data-id=\"cfc08a4\" data-element_type=\"widget\" data-widget_type=\"text-editor.default\">\n\t\t\t\t<div class=\"elementor-widget-container\">\n\t\t\t\t\t<div class=\"elementor-text-editor elementor-clearfix\"><p><strong><em>Szanowni Pa\u0144stwo!<\/em><\/strong><\/p><p>W trosce o zdrowie i bezpiecze\u0144stwo pacjent\u00f3w i lekarzy, zgodnie z wytycznymi Ministerstwa Zdrowia i G\u0142\u00f3wnego Inspektoratu Sanitarnego, zosta\u0142y wdro\u017cone nowe procedury i zasady udzielania \u015bwiadcze\u0144 medycznych.<\/p><p>W celu zminimalizowania ryzyka transmisji wirusa \u015bwiadczenia medyczne nie b\u0119d\u0105 udzielane osobom z dodatnim wywiadem epidemiologicznym. Osoby takie b\u0119d\u0105 kierowane do specjalnych jednostek, a ich wizyta odraczana w czasie.<\/p><p><strong>Rejestracja odbywa si\u0119 tylko po wcze\u015bniejszym ustaleniu terminu przez telefon lub email.<\/strong><\/p><ul><li>012 282 17 97 &#8211; pozostaw wiadomo\u015b\u0107 g\u0142osow\u0105 z informacj\u0105, a nasi lekarze si\u0119 z Tob\u0105 skontaktuj\u0105!<\/li><li>602 328 146 &#8211; napisz SMS z pro\u015bb\u0105 o kontakt;<\/li><li>kontakt@uaswider.pl &#8211; napisz wiadomo\u015b\u0107 email;<\/li><\/ul><p>Pacjenci bez telefonicznego ustalenia terminu i bez wywiadu telefonicznego nie zostan\u0105 wpuszczeni na teren gabinetu. Prosimy o punktualno\u015b\u0107, pacjenci przychodz\u0105cy przed czasem nie b\u0119d\u0105 wpuszczani na teren gabinetu.<\/p><p>Pacjent odbywaj\u0105cy wizyt\u0119 przychodzi sam, osoby towarzysz\u0105ce nie zostan\u0105 wpuszczone na teren gabinetu. Wyj\u0105tek stanowi pacjent nieletni do 8. roku \u017cycia <strong>z jednym opiekunem, kt\u00f3ry pozostaje w strefie poczekalni<\/strong>.<\/p><p>Prosimy ponadto o niezabieranie zb\u0119dnych rzeczy, tylko minimum, kt\u00f3re s\u0105 konieczne podczas wizyty.\u00a0<span style=\"color: var( --e-global-color-text ); font-family: var( --e-global-typography-text-font-family ); font-weight: var( --e-global-typography-text-font-weight ); letter-spacing: 0px;\">Na terenie gabinetu mo\u017ce przebywa\u0107 tylko jeden pacjent, kt\u00f3ry jest wpuszczany indywidualnie.\u00a0<\/span><span style=\"color: var( --e-global-color-text ); font-family: var( --e-global-typography-text-font-family ); font-weight: var( --e-global-typography-text-font-weight ); letter-spacing: 0px;\">Po wej\u015bciu do gabinetu nale\u017cy zdezynfekowa\u0107 r\u0119ce i za\u0142o\u017cy\u0107 r\u0119kawiczki ochronne. Odzie\u017c zewn\u0119trzn\u0105, torebki i telefony nale\u017cy w\u0142o\u017cy\u0107 do przygotowanego wcze\u015bniej worka. Przed zabiegiem zostanie zmierzona Pa\u0144stwu temperatura cia\u0142a. W przypadku odczytu powy\u017cej 37 stopni Celsjusza wizyta nie b\u0119dzie mog\u0142a si\u0119 odby\u0107.\u00a0Pacjenci z d\u0142ugimi w\u0142osami s\u0105 proszeni o ich zwi\u0105zanie na czas wizyty.<\/span><\/p><p><strong>Prosz\u0119 pami\u0119ta\u0107, \u017ce pracujemy w warunkach panuj\u0105cej epidemii czas przebywania pacjenta na terenie gabinetu staramy si\u0119 ograniczy\u0107 do minimum, informacji oraz zalece\u0144 udzielamy telefonicznie!<\/strong><\/p><\/div>\n\t\t\t\t<\/div>\n\t\t\t\t<\/div>\n\t\t\t\t\t\t<\/div>\n\t\t\t\t\t<\/div>\n\t\t<\/div>\n\t\t\t\t\t\t\t\t<\/div>\n\t\t\t\t\t<\/div>\n\t\t<\/section>\n\t\t\t\t\t\t<\/div>\n\t\t\t\t\t\t<\/div>\n\t\t\t\t\t<\/div>\n\t\t","protected":false},"excerpt":{"rendered":"<p>ZASADY PRZYJMOWANIA PACJENT\u00d3W W TRAKCIE PANDEMII COVID-19 Szanowni Pa\u0144stwo! W trosce o zdrowie i bezpiecze\u0144stwo pacjent\u00f3w i lekarzy, zgodnie z wytycznymi Ministerstwa Zdrowia i G\u0142\u00f3wnego Inspektoratu Sanitarnego, zosta\u0142y wdro\u017cone nowe procedury i zasady udzielania \u015bwiadcze\u0144 medycznych. W celu zminimalizowania ryzyka transmisji wirusa \u015bwiadczenia medyczne nie b\u0119d\u0105 udzielane osobom z dodatnim wywiadem epidemiologicznym. Osoby takie b\u0119d\u0105&hellip;<\/p>\n","protected":false},"author":2,"featured_media":0,"parent":0,"menu_order":0,"comment_status":"closed","ping_status":"closed","template":"","meta":[],"yoast_head":"<!-- This site is optimized with the Yoast SEO plugin v15.0 - https:\/\/yoast.com\/wordpress\/plugins\/seo\/ -->\n<title>COVID-19 | Gabinet ortodontyczno-stomatologiczny<\/title>\n<meta name=\"description\" content=\"Gabinet ortodontyczno-stomatologiczny urszula andrzej \u015bwider ortodonta dentysta ortodoncja stomatologia tenczynek krzeszowice\" \/>\n<meta name=\"robots\" content=\"index, follow, max-snippet:-1, max-image-preview:large, max-video-preview:-1\" \/>\n<meta property=\"og:locale\" content=\"pl_PL\" \/>\n<meta property=\"og:type\" content=\"article\" \/>\n<meta property=\"og:title\" content=\"COVID-19 | Gabinet ortodontyczno-stomatologiczny\" \/>\n<meta property=\"og:description\" content=\"Gabinet ortodontyczno-stomatologiczny urszula andrzej \u015bwider ortodonta dentysta ortodoncja stomatologia tenczynek krzeszowice\" \/>\n<meta property=\"og:url\" content=\"http:\/\/uaswider.pl\/index.php\/covid-19\/\" \/>\n<meta property=\"og:site_name\" content=\"Gabinet ortodontyczno-stomatologiczny\" \/>\n<meta property=\"article:modified_time\" content=\"2020-09-28T10:28:52+00:00\" \/>\n<meta name=\"twitter:card\" content=\"summary_large_image\" \/>\n<script type=\"application\/ld+json\" class=\"yoast-schema-graph\">{\"@context\":\"https:\/\/schema.org\",\"@graph\":[{\"@type\":\"Organization\",\"@id\":\"https:\/\/uaswider.pl\/#organization\",\"name\":\"Gabinet ortodoncyjno-stomatologiczny - Urszula i Andrzej \\u015awider\",\"url\":\"https:\/\/uaswider.pl\/\",\"sameAs\":[],\"logo\":{\"@type\":\"ImageObject\",\"@id\":\"https:\/\/uaswider.pl\/#logo\",\"inLanguage\":\"pl-PL\",\"url\":\"https:\/\/uaswider.pl\/wp-content\/uploads\/2020\/09\/logo.png\",\"width\":800,\"height\":800,\"caption\":\"Gabinet ortodoncyjno-stomatologiczny - Urszula i Andrzej \\u015awider\"},\"image\":{\"@id\":\"https:\/\/uaswider.pl\/#logo\"}},{\"@type\":\"WebSite\",\"@id\":\"https:\/\/uaswider.pl\/#website\",\"url\":\"https:\/\/uaswider.pl\/\",\"name\":\"Gabinet ortodontyczno-stomatologiczny\",\"description\":\"Urszula i Andrzej \\u015awider\",\"publisher\":{\"@id\":\"https:\/\/uaswider.pl\/#organization\"},\"potentialAction\":[{\"@type\":\"SearchAction\",\"target\":\"https:\/\/uaswider.pl\/?s={search_term_string}\",\"query-input\":\"required name=search_term_string\"}],\"inLanguage\":\"pl-PL\"},{\"@type\":\"WebPage\",\"@id\":\"http:\/\/uaswider.pl\/index.php\/covid-19\/#webpage\",\"url\":\"http:\/\/uaswider.pl\/index.php\/covid-19\/\",\"name\":\"COVID-19 | Gabinet ortodontyczno-stomatologiczny\",\"isPartOf\":{\"@id\":\"https:\/\/uaswider.pl\/#website\"},\"datePublished\":\"2020-09-28T09:47:01+00:00\",\"dateModified\":\"2020-09-28T10:28:52+00:00\",\"description\":\"Gabinet ortodontyczno-stomatologiczny urszula andrzej \\u015bwider ortodonta dentysta ortodoncja stomatologia tenczynek krzeszowice\",\"inLanguage\":\"pl-PL\",\"potentialAction\":[{\"@type\":\"ReadAction\",\"target\":[\"http:\/\/uaswider.pl\/index.php\/covid-19\/\"]}]}]}<\/script>\n<!-- \/ Yoast SEO plugin. -->","_links":{"self":[{"href":"https:\/\/uaswider.pl\/index.php\/wp-json\/wp\/v2\/pages\/227"}],"collection":[{"href":"https:\/\/uaswider.pl\/index.php\/wp-json\/wp\/v2\/pages"}],"about":[{"href":"https:\/\/uaswider.pl\/index.php\/wp-json\/wp\/v2\/types\/page"}],"author":[{"embeddable":true,"href":"https:\/\/uaswider.pl\/index.php\/wp-json\/wp\/v2\/users\/2"}],"replies":[{"embeddable":true,"href":"https:\/\/uaswider.pl\/index.php\/wp-json\/wp\/v2\/comments?post=227"}],"version-history":[{"count":5,"href":"https:\/\/uaswider.pl\/index.php\/wp-json\/wp\/v2\/pages\/227\/revisions"}],"predecessor-version":[{"id":261,"href":"https:\/\/uaswider.pl\/index.php\/wp-json\/wp\/v2\/pages\/227\/revisions\/261"}],"wp:attachment":[{"href":"https:\/\/uaswider.pl\/index.php\/wp-json\/wp\/v2\/media?parent=227"}],"curies":[{"name":"wp","href":"https:\/\/api.w.org\/{rel}","templated":true}]}}